{"id":517,"date":"2022-10-25T19:14:47","date_gmt":"2022-10-25T19:14:47","guid":{"rendered":"https:\/\/www.mmmdumpsters.com\/?page_id=517"},"modified":"2024-01-31T23:45:30","modified_gmt":"2024-01-31T23:45:30","slug":"faq","status":"publish","type":"page","link":"https:\/\/www.mmmdumpsters.com\/es\/preguntas-mas-frecuentes\/","title":{"rendered":"Preguntas m\u00e1s frecuentes"},"content":{"rendered":"<section class=\"section dark\" id=\"section_1730853370\">\n\t\t<div class=\"section-bg fill\" >\n\t\t\t<img loading=\"lazy\" decoding=\"async\" width=\"1080\" height=\"720\" src=\"https:\/\/www.mmmdumpsters.com\/wp-content\/uploads\/2021\/09\/DJI_0066.jpeg\" class=\"bg\" alt=\"Alquiler de contenedores de basura en Chicago\" srcset=\"https:\/\/www.mmmdumpsters.com\/wp-content\/uploads\/2021\/09\/DJI_0066.jpeg 1080w, https:\/\/www.mmmdumpsters.com\/wp-content\/uploads\/2021\/09\/DJI_0066-500x333.jpeg 500w, https:\/\/www.mmmdumpsters.com\/wp-content\/uploads\/2021\/09\/DJI_0066-1024x683.jpeg 1024w, https:\/\/www.mmmdumpsters.com\/wp-content\/uploads\/2021\/09\/DJI_0066-768x512.jpeg 768w\" sizes=\"auto, (max-width: 1080px) 100vw, 1080px\" \/>\t\t\t\t\t\t<div class=\"section-bg-overlay absolute fill\"><\/div>\n\t\t\t\n\n\t\t<\/div>\n\n\t\t\n\n\t\t<div class=\"section-content relative\">\n\t\t\t\n\n<div class=\"row\"  id=\"row-1077724268\">\n\n\n\t<div id=\"col-2046573462\" class=\"col small-12 large-12\"  >\n\t\t\t\t<div class=\"col-inner\"  >\n\t\t\t\n\t\t\t\n\n\t<div id=\"text-721667379\" class=\"text\">\n\t\t\n\n<h1><span style=\"font-size: 100%;\">Preguntas frecuentes sobre los contenedores de basura rodantes<\/span><\/h1>\n\t\t\n<style>\n#text-721667379 {\n  font-size: 1.55rem;\n  text-align: center;\n}\n<\/style>\n\t<\/div>\n\t\n\n\t\t<\/div>\n\t\t\t\t\t<\/div>\n\n\t\n\n<\/div>\n\n\t\t<\/div>\n\n\t\t\n<style>\n#section_1730853370 {\n  padding-top: 151px;\n  padding-bottom: 151px;\n}\n#section_1730853370 .section-bg-overlay {\n  background-color: rgba(0, 0, 0, 0.334);\n}\n#section_1730853370 .section-bg img {\n  object-position: 33% 59%;\n}\n<\/style>\n\t<\/section>\n\t\n\n\t<section class=\"section\" id=\"section_1109112114\">\n\t\t<div class=\"section-bg fill\" >\n\t\t\t\t\t\t\t\t\t\n\t\t\t\n\n\t\t<\/div>\n\n\t\t\n\n\t\t<div class=\"section-content relative\">\n\t\t\t\n\n<div class=\"row align-center\"  id=\"row-1029321139\">\n\n\n\t<div id=\"col-1030402950\" class=\"col medium-10 small-12 large-10\"  >\n\t\t\t\t<div class=\"col-inner text-left\"  >\n\t\t\t\n\t\t\t\n\n<div class=\"row\"  id=\"row-883318723\">\n\n\n\t<div id=\"col-1103619010\" class=\"col small-12 large-12\"  >\n\t\t\t\t<div class=\"col-inner\"  >\n\t\t\t\n\t\t\t\n\n\t<div id=\"text-1848609366\" class=\"text\">\n\t\t\n\n<h2>PREGUNTAS FRECUENTES SOBRE ROLL-OFF<\/h2>\n\t\t\n<style>\n#text-1848609366 {\n  text-align: center;\n}\n<\/style>\n\t<\/div>\n\t\n\n\t\t<\/div>\n\t\t\t\t\t<\/div>\n\n\t\n\n<\/div>\n<div class=\"accordion\">\n\n\t<div id=\"accordion-4153648139\" class=\"accordion-item\">\n\t\t<a id=\"accordion-4153648139-label\" class=\"accordion-title plain\" href=\"#accordion-item-1.-what-are-the-sizes-or-dimensions-of-a-roll-off-box-or-dumpster?\" aria-expanded=\"false\" aria-controls=\"accordion-4153648139-content\" >\n\t\t\t<button class=\"toggle\" aria-label=\"Palanca\"><i class=\"icon-angle-down\"><\/i><\/button>\n\t\t\t<span>1. \u00bfCu\u00e1les son los tama\u00f1os o dimensiones de una caja rodante o contenedor de basura?<\/span>\n\t\t<\/a>\n\t\t<div id=\"accordion-4153648139-content\" class=\"accordion-inner\" aria-labelledby=\"accordion-4153648139-label\" >\n\t\t\t\n\n<div class=\"row\"  id=\"row-1705090038\">\n\n\n\t<div id=\"col-1557406352\" class=\"col medium-6 small-12 large-6\"  >\n\t\t\t\t<div class=\"col-inner\"  >\n\t\t\t\n\t\t\t\n\n<p>A <strong>20 yardas<\/strong> contenedor de basura rodante es:<br \/>Opci\u00f3n de contenedor de basura corto: 20&#039; x 8&#039; x 4.5&#039;<br \/>Opci\u00f3n de contenedor largo: 22&#039; x 8&#039; x 4.5&#039;<\/p>\n\n\t\t<\/div>\n\t\t\t\t\t<\/div>\n\n\t\n\n\t<div id=\"col-1842838928\" class=\"col medium-6 small-12 large-6\"  >\n\t\t\t\t<div class=\"col-inner\"  >\n\t\t\t\n\t\t\t\n\n<p>A <strong>30 yardas<\/strong> contenedor de basura rodante es:<br \/>Opci\u00f3n de contenedor de basura corto: 20&#039; x 8&#039; x 6&#039;<br \/>Opci\u00f3n de contenedor largo: 22&#039; x 8&#039; x 6&#039;<\/p>\n\n\t\t<\/div>\n\t\t\t\t\t<\/div>\n\n\t\n\n<\/div>\n\n\t\t<\/div>\n\t<\/div>\n\t\n\t<div id=\"accordion-2780954767\" class=\"accordion-item\">\n\t\t<a id=\"accordion-2780954767-label\" class=\"accordion-title plain\" href=\"#accordion-item-2.-what-if-i-don\u2019t-have-enough-to-fill-a-dumpster?\" aria-expanded=\"false\" aria-controls=\"accordion-2780954767-content\" >\n\t\t\t<button class=\"toggle\" aria-label=\"Palanca\"><i class=\"icon-angle-down\"><\/i><\/button>\n\t\t\t<span>2. \u00bfQu\u00e9 sucede si no tengo suficiente para llenar un contenedor de basura?<\/span>\n\t\t<\/a>\n\t\t<div id=\"accordion-2780954767-content\" class=\"accordion-inner\" aria-labelledby=\"accordion-2780954767-label\" >\n\t\t\t\n\n<p>Puede llevar su material a nuestra planta de reciclaje de construcci\u00f3n y demolici\u00f3n en Hampshire, Illinois.<\/br> Por favor visita <a href= \"\/es\/www.MMMrecycles.com\/\">www.MMMrecycles.com<\/a> para m\u00e1s informaci\u00f3n y tarifas. <\/p>\n\n\t\t<\/div>\n\t<\/div>\n\t\n\t<div id=\"accordion-2053195167\" class=\"accordion-item\">\n\t\t<a id=\"accordion-2053195167-label\" class=\"accordion-title plain\" href=\"#accordion-item-3.-what-kind-of-projects-can-a-dumpster-be-used-for?\" aria-expanded=\"false\" aria-controls=\"accordion-2053195167-content\" >\n\t\t\t<button class=\"toggle\" aria-label=\"Palanca\"><i class=\"icon-angle-down\"><\/i><\/button>\n\t\t\t<span>3. \u00bfPara qu\u00e9 tipo de proyectos se puede usar un contenedor de basura?<\/span>\n\t\t<\/a>\n\t\t<div id=\"accordion-2053195167-content\" class=\"accordion-inner\" aria-labelledby=\"accordion-2053195167-label\" >\n\t\t\t\n\n<div class=\"row\"  id=\"row-1432123709\">\n\n\n\t<div id=\"col-1240763204\" class=\"col medium-6 small-12 large-6\"  >\n\t\t\t\t<div class=\"col-inner\"  >\n\t\t\t\n\t\t\t\n\n<p><strong>Proyectos Comerciales:<\/strong><\/p>\n<p>Troqueles de corte de madera<\/p>\n<p>paletas<\/p>\n<p><strong>Proyectos Residenciales:<\/strong><\/p>\n<p>Remodelaci\u00f3n de cocina<\/p>\n<p>Remodelaci\u00f3n de ba\u00f1o<\/p>\n<p>Adiciones<\/p>\n<p>Renovaciones<\/p>\n<p>limpiezas de garaje<\/p>\n<p>limpiezas de s\u00f3tanos<\/p>\n<p>Limpiezas de fincas<\/p>\n<p>Limpieza de tormentas y desastres<\/p>\n<p>Eliminaci\u00f3n de escombros y desperdicios de jard\u00edn<\/p>\n<p>Demolici\u00f3n de casas<\/p>\n\n\t\t<\/div>\n\t\t\t\t\t<\/div>\n\n\t\n\n\t<div id=\"col-1657554214\" class=\"col medium-6 small-12 large-6\"  >\n\t\t\t\t<div class=\"col-inner\"  >\n\t\t\t\n\t\t\t\n\n<p><strong>Proyectos de construcci\u00f3n:<\/strong><\/p>\n<p>Sitios de construcci\u00f3n<\/p>\n<p>Propiedad administrativa<\/p>\n<p>limpiezas minoristas<\/p>\n<p>Remodelaci\u00f3n de tiendas minoristas<\/p>\n<p>limpiezas de oficinas<\/p>\n<p>Comunidades para personas mayores<\/p>\n<p>Limpieza de la unidad de almacenamiento<\/p>\n<p>Bienes ra\u00edces<\/p>\n<p>Demolici\u00f3n<\/p>\n<p>Nuevas construcciones de viviendas<\/p>\n<p>Nuevos Barrios<\/p>\n<p>Construcci\u00f3n al aire libre<\/p>\n<p>Construcci\u00f3n de carreteras IDOT<\/p>\n<p>Remodelaci\u00f3n de la iglesia<\/p>\n<p>Proyectos de manitas<\/p>\n<p>limpieza de tierras<\/p>\n<p>Eliminaci\u00f3n de traviesas de ferrocarril<\/p>\n\n\t\t<\/div>\n\t\t\t\t\t<\/div>\n\n\t\n\n<\/div>\n\n\t\t<\/div>\n\t<\/div>\n\t\n\t<div id=\"accordion-537481933\" class=\"accordion-item\">\n\t\t<a id=\"accordion-537481933-label\" class=\"accordion-title plain\" href=\"#accordion-item-4.-how-long-can-i-keep-the-dumpster?\" aria-expanded=\"false\" aria-controls=\"accordion-537481933-content\" >\n\t\t\t<button class=\"toggle\" aria-label=\"Palanca\"><i class=\"icon-angle-down\"><\/i><\/button>\n\t\t\t<span>4. \u00bfCu\u00e1nto tiempo puedo guardar el contenedor de basura?<\/span>\n\t\t<\/a>\n\t\t<div id=\"accordion-537481933-content\" class=\"accordion-inner\" aria-labelledby=\"accordion-537481933-label\" >\n\t\t\t\n\n<p>Por lo general, permitimos que los clientes se queden con el contenedor de basura hasta por 7 d\u00edas. Si un cliente lo necesita por m\u00e1s de 1 semana, se pueden negociar d\u00edas adicionales con su representante de cuenta.<\/p>\n\n\t\t<\/div>\n\t<\/div>\n\t\n\t<div id=\"accordion-3951281241\" class=\"accordion-item\">\n\t\t<a id=\"accordion-3951281241-label\" class=\"accordion-title plain\" href=\"#accordion-item-5.-what-can-i-put-in-my-dumpster?\" aria-expanded=\"false\" aria-controls=\"accordion-3951281241-content\" >\n\t\t\t<button class=\"toggle\" aria-label=\"Palanca\"><i class=\"icon-angle-down\"><\/i><\/button>\n\t\t\t<span>5. \u00bfQu\u00e9 puedo poner en mi contenedor de basura?<\/span>\n\t\t<\/a>\n\t\t<div id=\"accordion-3951281241-content\" class=\"accordion-inner\" aria-labelledby=\"accordion-3951281241-label\" >\n\t\t\t\n\n<div class=\"row\"  id=\"row-1684594286\">\n\n\n\t<div id=\"col-2076805703\" class=\"col medium-6 small-12 large-6\"  >\n\t\t\t\t<div class=\"col-inner\"  >\n\t\t\t\n\t\t\t\n\n<p><strong>Escombros de construcci\u00f3n y demolici\u00f3n:<\/strong><\/p>\n<p>Basura<\/p>\n<p>paneles de yeso<\/p>\n<p>Aislamiento<\/p>\n<p>Vidrio<\/p>\n<p>ventanas<\/p>\n<p>El plastico<\/p>\n<p>Materiales para techos \/ tejas<\/p>\n<p>Cobertizos \/ P\u00e9rgolas<\/p>\n<p>Revestimiento de madera<\/p>\n<p>Revestimiento de aluminio<\/p>\n<p>Metal<\/p>\n<p>Hormig\u00f3n \/ Ladrillos \/ Piedras \/ Productos de alba\u00f1iler\u00eda \/ Grava<\/p>\n<p>Papel<\/p>\n<p>paletas<\/p>\n<p>Maderas de paisaje<\/p>\n<p>Mantillo<\/p>\n<p>Troqueles de madera<\/p>\n<p>Lazos de ferrocarril<\/p>\n<p>Troncos\/ramas\/troncos de \u00e1rboles grandes<\/p>\n<p>Muebles de madera\u00a0<\/p>\n\n\t\t<\/div>\n\t\t\t\t\t<\/div>\n\n\t\n\n\t<div id=\"col-803465887\" class=\"col medium-6 small-12 large-6\"  >\n\t\t\t\t<div class=\"col-inner\"  >\n\t\t\t\n\t\t\t\n\n<p><span style=\"color: #ffffff;\"><strong>:<\/strong><\/span><\/p>\n<p>Puertas \/ Molduras<\/p>\n<p>Alfombras \/ Tapetes<\/p>\n<p>Gabinetes<\/p>\n<p>Fregaderos<\/p>\n<p>Ba\u00f1eras<\/p>\n<p>Encimeras<\/p>\n<p>alambres<\/p>\n<p>Cartulina<\/p>\n<p>Accesorios<\/p>\n<p>Valla<\/p>\n<p>Sillas de Oficina \/ Escritorios<\/p>\n<p>Cortac\u00e9sped \/ Tractor cortac\u00e9sped<\/p>\n<p>Bicicletas<\/p>\n<p>Calentadores de agua \/ Hornos<\/p>\n<p>Basura<\/p>\n<p>Escombros de hojas y jard\u00edn<\/p>\n<p>Columpio \/ Juego<\/p>\n<p>Aro de baloncesto<\/p>\n\n\t\t<\/div>\n\t\t\t\t\t<\/div>\n\n\t\n\n<\/div>\n\n\t\t<\/div>\n\t<\/div>\n\t\n\t<div id=\"accordion-2283433652\" class=\"accordion-item\">\n\t\t<a id=\"accordion-2283433652-label\" class=\"accordion-title plain\" href=\"#accordion-item-6.-what-are-hard-to-handle-materials?-and-can-i-dispose-of-them-in-my-dumpster?\" aria-expanded=\"false\" aria-controls=\"accordion-2283433652-content\" >\n\t\t\t<button class=\"toggle\" aria-label=\"Palanca\"><i class=\"icon-angle-down\"><\/i><\/button>\n\t\t\t<span>6. \u00bfQu\u00e9 son los materiales dif\u00edciles de manejar? \u00bfY puedo desecharlos en mi contenedor de basura?<\/span>\n\t\t<\/a>\n\t\t<div id=\"accordion-2283433652-content\" class=\"accordion-inner\" aria-labelledby=\"accordion-2283433652-label\" >\n\t\t\t\n\n<p>Se aceptan los siguientes materiales, pero ser\u00e1n una <strong>SUPLEMENTO<\/strong> deshacerse de:\u00a0<\/p>\n<p>Sof\u00e1 cama\u00a0<\/p>\n<p>Accesorios\u00a0<\/p>\n<p>Refrigeradores<\/p>\n<p>Neum\u00e1ticos\u00a0<\/p>\n<p>colchones\u00a0<\/p>\n<p>Somieres\u00a0<\/p>\n\n\t\t<\/div>\n\t<\/div>\n\t\n\t<div id=\"accordion-3745005839\" class=\"accordion-item\">\n\t\t<a id=\"accordion-3745005839-label\" class=\"accordion-title plain\" href=\"#accordion-item-7.-what-can\u2019t-i-put-in-my-dumpster?\" aria-expanded=\"false\" aria-controls=\"accordion-3745005839-content\" >\n\t\t\t<button class=\"toggle\" aria-label=\"Palanca\"><i class=\"icon-angle-down\"><\/i><\/button>\n\t\t\t<span>7. \u00bfQu\u00e9 NO PUEDO poner en mi basurero?<\/span>\n\t\t<\/a>\n\t\t<div id=\"accordion-3745005839-content\" class=\"accordion-inner\" aria-labelledby=\"accordion-3745005839-label\" >\n\t\t\t\n\n<div class=\"row\"  id=\"row-1139873957\">\n\n\n\t<div id=\"col-1336686597\" class=\"col medium-6 small-12 large-6\"  >\n\t\t\t\t<div class=\"col-inner\"  >\n\t\t\t\n\t\t\t\n\n<p><strong>Midwest Material Management no puede aceptar:<\/strong>\u00a0<\/p>\n<p>material HAZ-MAT<\/p>\n<p>Amianto<\/p>\n<p><strong>L\u00edquido:\u00a0<\/strong><\/p>\n<p>Pintar<\/p>\n<p>Aceite<\/p>\n<p>diluyentes<\/p>\n<p>Gasolina \/ Di\u00e9sel<\/p>\n\n\t\t<\/div>\n\t\t\t\t\t<\/div>\n\n\t\n\n\t<div id=\"col-296408193\" class=\"col medium-6 small-12 large-6\"  >\n\t\t\t\t<div class=\"col-inner\"  >\n\t\t\t\n\t\t\t\n\n<p>\u00a0<\/p>\n<p><strong>Electr\u00f3nica:<\/strong><\/p>\n<p>Ordenadores<\/p>\n<p>televisores<\/p>\n<p>monitores, etc<\/p>\n<p><strong>Otro:<\/strong><\/p>\n<p>tierra\/c\u00e9sped<\/p>\n<p>Esti\u00e9rcol<\/p>\n\n\t\t<\/div>\n\t\t\t\t\t<\/div>\n\n\t\n\n<\/div>\n\n\t\t<\/div>\n\t<\/div>\n\t\n\n<\/div>\n\n\t\t<\/div>\n\t\t\t\t\t<\/div>\n\n\t\n\n<\/div>\n\n\t\t<\/div>\n\n\t\t\n<style>\n#section_1109112114 {\n  padding-top: 80px;\n  padding-bottom: 80px;\n}\n<\/style>\n\t<\/section>","protected":false},"excerpt":{"rendered":"","protected":false},"author":3,"featured_media":0,"parent":0,"menu_order":0,"comment_status":"closed","ping_status":"closed","template":"page-blank.php","meta":{"footnotes":""},"class_list":["post-517","page","type-page","status-publish","hentry"],"yoast_head":"<!-- This site is optimized with the Yoast SEO plugin v27.3 - https:\/\/yoast.com\/product\/yoast-seo-wordpress\/ -->\n<title>Everything You Need to Know About Our Dumpster Rentals | FAQ<\/title>\n<meta name=\"description\" content=\"Confused about dumpster rentals? Our FAQ page has you covered. MMM Dumpsters delivers clear and concise answers to your burning questions.\" \/>\n<meta name=\"robots\" content=\"index, follow, max-snippet:-1, max-image-preview:large, max-video-preview:-1\" \/>\n<link rel=\"canonical\" href=\"https:\/\/www.mmmdumpsters.com\/es\/preguntas-mas-frecuentes\/\" \/>\n<meta property=\"og:locale\" content=\"es_MX\" \/>\n<meta property=\"og:type\" content=\"article\" \/>\n<meta property=\"og:title\" content=\"Everything You Need to Know About Our Dumpster Rentals | FAQ\" \/>\n<meta property=\"og:description\" content=\"Confused about dumpster rentals? Our FAQ page has you covered. MMM Dumpsters delivers clear and concise answers to your burning questions.\" \/>\n<meta property=\"og:url\" content=\"https:\/\/www.mmmdumpsters.com\/es\/preguntas-mas-frecuentes\/\" \/>\n<meta property=\"og:site_name\" content=\"Midwest Material Management - Dumpsters\" \/>\n<meta property=\"article:modified_time\" content=\"2024-01-31T23:45:30+00:00\" \/>\n<meta name=\"twitter:card\" content=\"summary_large_image\" \/>\n<meta name=\"twitter:label1\" content=\"Est. reading time\" \/>\n\t<meta name=\"twitter:data1\" content=\"3 minutes\" \/>\n<script type=\"application\/ld+json\" class=\"yoast-schema-graph\">{\"@context\":\"https:\\\/\\\/schema.org\",\"@graph\":[{\"@type\":\"WebPage\",\"@id\":\"https:\\\/\\\/www.mmmdumpsters.com\\\/faq\\\/\",\"url\":\"https:\\\/\\\/www.mmmdumpsters.com\\\/faq\\\/\",\"name\":\"Everything You Need to Know About Our Dumpster Rentals | FAQ\",\"isPartOf\":{\"@id\":\"https:\\\/\\\/www.mmmdumpsters.com\\\/#website\"},\"datePublished\":\"2022-10-25T19:14:47+00:00\",\"dateModified\":\"2024-01-31T23:45:30+00:00\",\"description\":\"Confused about dumpster rentals? Our FAQ page has you covered. MMM Dumpsters delivers clear and concise answers to your burning questions.\",\"breadcrumb\":{\"@id\":\"https:\\\/\\\/www.mmmdumpsters.com\\\/faq\\\/#breadcrumb\"},\"inLanguage\":\"es-MX\",\"potentialAction\":[{\"@type\":\"ReadAction\",\"target\":[\"https:\\\/\\\/www.mmmdumpsters.com\\\/faq\\\/\"]}]},{\"@type\":\"BreadcrumbList\",\"@id\":\"https:\\\/\\\/www.mmmdumpsters.com\\\/faq\\\/#breadcrumb\",\"itemListElement\":[{\"@type\":\"ListItem\",\"position\":1,\"name\":\"Home\",\"item\":\"https:\\\/\\\/www.mmmdumpsters.com\\\/\"},{\"@type\":\"ListItem\",\"position\":2,\"name\":\"FAQ\"}]},{\"@type\":\"WebSite\",\"@id\":\"https:\\\/\\\/www.mmmdumpsters.com\\\/#website\",\"url\":\"https:\\\/\\\/www.mmmdumpsters.com\\\/\",\"name\":\"Midwest Material Management - Dumpsters\",\"description\":\"Roll-Off Dumpster Rental &amp; Recycling Solutions\",\"potentialAction\":[{\"@type\":\"SearchAction\",\"target\":{\"@type\":\"EntryPoint\",\"urlTemplate\":\"https:\\\/\\\/www.mmmdumpsters.com\\\/?s={search_term_string}\"},\"query-input\":{\"@type\":\"PropertyValueSpecification\",\"valueRequired\":true,\"valueName\":\"search_term_string\"}}],\"inLanguage\":\"es-MX\"}]}<\/script>\n<!-- \/ Yoast SEO plugin. -->","yoast_head_json":{"title":"Todo lo que necesita saber sobre nuestros alquileres de contenedores | Preguntas m\u00e1s frecuentes","description":"\u00bfConfundido acerca de los alquileres de contenedores? Nuestra p\u00e1gina de preguntas frecuentes lo tiene cubierto. MMM Dumpsters ofrece respuestas claras y concisas a sus preguntas candentes.","robots":{"index":"index","follow":"follow","max-snippet":"max-snippet:-1","max-image-preview":"max-image-preview:large","max-video-preview":"max-video-preview:-1"},"canonical":"https:\/\/www.mmmdumpsters.com\/es\/preguntas-mas-frecuentes\/","og_locale":"es_MX","og_type":"article","og_title":"Everything You Need to Know About Our Dumpster Rentals | FAQ","og_description":"Confused about dumpster rentals? Our FAQ page has you covered. MMM Dumpsters delivers clear and concise answers to your burning questions.","og_url":"https:\/\/www.mmmdumpsters.com\/es\/preguntas-mas-frecuentes\/","og_site_name":"Midwest Material Management - Dumpsters","article_modified_time":"2024-01-31T23:45:30+00:00","twitter_card":"summary_large_image","twitter_misc":{"Est. reading time":"3 minutes"},"schema":{"@context":"https:\/\/schema.org","@graph":[{"@type":"WebPage","@id":"https:\/\/www.mmmdumpsters.com\/faq\/","url":"https:\/\/www.mmmdumpsters.com\/faq\/","name":"Todo lo que necesita saber sobre nuestros alquileres de contenedores | Preguntas m\u00e1s frecuentes","isPartOf":{"@id":"https:\/\/www.mmmdumpsters.com\/#website"},"datePublished":"2022-10-25T19:14:47+00:00","dateModified":"2024-01-31T23:45:30+00:00","description":"\u00bfConfundido acerca de los alquileres de contenedores? Nuestra p\u00e1gina de preguntas frecuentes lo tiene cubierto. MMM Dumpsters ofrece respuestas claras y concisas a sus preguntas candentes.","breadcrumb":{"@id":"https:\/\/www.mmmdumpsters.com\/faq\/#breadcrumb"},"inLanguage":"es-MX","potentialAction":[{"@type":"ReadAction","target":["https:\/\/www.mmmdumpsters.com\/faq\/"]}]},{"@type":"BreadcrumbList","@id":"https:\/\/www.mmmdumpsters.com\/faq\/#breadcrumb","itemListElement":[{"@type":"ListItem","position":1,"name":"Home","item":"https:\/\/www.mmmdumpsters.com\/"},{"@type":"ListItem","position":2,"name":"FAQ"}]},{"@type":"WebSite","@id":"https:\/\/www.mmmdumpsters.com\/#website","url":"https:\/\/www.mmmdumpsters.com\/","name":"Midwest Material Management - Contenedores de basura","description":"Soluciones de reciclaje y alquiler de contenedores de basura rodantes","potentialAction":[{"@type":"SearchAction","target":{"@type":"EntryPoint","urlTemplate":"https:\/\/www.mmmdumpsters.com\/?s={search_term_string}"},"query-input":{"@type":"PropertyValueSpecification","valueRequired":true,"valueName":"search_term_string"}}],"inLanguage":"es-MX"}]}},"_links":{"self":[{"href":"https:\/\/www.mmmdumpsters.com\/es\/wp-json\/wp\/v2\/pages\/517","targetHints":{"allow":["GET"]}}],"collection":[{"href":"https:\/\/www.mmmdumpsters.com\/es\/wp-json\/wp\/v2\/pages"}],"about":[{"href":"https:\/\/www.mmmdumpsters.com\/es\/wp-json\/wp\/v2\/types\/page"}],"author":[{"embeddable":true,"href":"https:\/\/www.mmmdumpsters.com\/es\/wp-json\/wp\/v2\/users\/3"}],"replies":[{"embeddable":true,"href":"https:\/\/www.mmmdumpsters.com\/es\/wp-json\/wp\/v2\/comments?post=517"}],"version-history":[{"count":5,"href":"https:\/\/www.mmmdumpsters.com\/es\/wp-json\/wp\/v2\/pages\/517\/revisions"}],"predecessor-version":[{"id":886,"href":"https:\/\/www.mmmdumpsters.com\/es\/wp-json\/wp\/v2\/pages\/517\/revisions\/886"}],"wp:attachment":[{"href":"https:\/\/www.mmmdumpsters.com\/es\/wp-json\/wp\/v2\/media?parent=517"}],"curies":[{"name":"gracias","href":"https:\/\/api.w.org\/{rel}","templated":true}]}}