{"id":852,"date":"2024-01-04T20:51:12","date_gmt":"2024-01-04T20:51:12","guid":{"rendered":"https:\/\/www.mmmdumpsters.com\/?page_id=852"},"modified":"2025-09-30T10:34:19","modified_gmt":"2025-09-30T15:34:19","slug":"about-us","status":"publish","type":"page","link":"https:\/\/www.mmmdumpsters.com\/es\/sobre-nosotros\/","title":{"rendered":"Sobre nosotros"},"content":{"rendered":"<section class=\"section dark\" id=\"section_67482677\">\n\t\t<div class=\"section-bg fill\" >\n\t\t\t<img loading=\"lazy\" decoding=\"async\" width=\"1920\" height=\"1344\" src=\"https:\/\/www.mmmdumpsters.com\/wp-content\/uploads\/2021\/06\/triangle-bg.jpg\" class=\"bg\" alt=\"\" srcset=\"https:\/\/www.mmmdumpsters.com\/wp-content\/uploads\/2021\/06\/triangle-bg.jpg 1920w, https:\/\/www.mmmdumpsters.com\/wp-content\/uploads\/2021\/06\/triangle-bg-500x350.jpg 500w, https:\/\/www.mmmdumpsters.com\/wp-content\/uploads\/2021\/06\/triangle-bg-1024x717.jpg 1024w, https:\/\/www.mmmdumpsters.com\/wp-content\/uploads\/2021\/06\/triangle-bg-768x538.jpg 768w, https:\/\/www.mmmdumpsters.com\/wp-content\/uploads\/2021\/06\/triangle-bg-1536x1075.jpg 1536w\" sizes=\"auto, (max-width: 1920px) 100vw, 1920px\" \/>\t\t\t\t\t\t<div class=\"section-bg-overlay absolute fill\"><\/div>\n\t\t\t\n\n\t\t<\/div>\n\n\t\t\n\n\t\t<div class=\"section-content relative\">\n\t\t\t\n\n<div class=\"row align-center\"  id=\"row-621890300\">\n\n\n\t<div id=\"col-1516545213\" class=\"col medium-10 small-12 large-12\"  >\n\t\t\t\t<div class=\"col-inner\"  >\n\t\t\t\n\t\t\t\n\n<div class=\"row row-collapse\"  id=\"row-1949409709\">\n\n\n\t<div id=\"col-1426693500\" class=\"col small-12 large-12\"  >\n\t\t\t\t<div class=\"col-inner\"  >\n\t\t\t\n\t\t\t\n\n\t<div id=\"text-779113939\" class=\"text\">\n\t\t\n\n<h2 class=\"mb-0\">Sobre nosotros<\/h2>\n\t\t\n<style>\n#text-779113939 {\n  font-size: 1.7rem;\n}\n<\/style>\n\t<\/div>\n\t\n\n\t\t<\/div>\n\t\t\t\t\t<\/div>\n\n\t\n\n<\/div>\n\n\t\t<\/div>\n\t\t\t\t\t<\/div>\n\n\t\n\n<\/div>\n\n\t\t<\/div>\n\n\t\t\n<style>\n#section_67482677 {\n  padding-top: 30px;\n  padding-bottom: 30px;\n  min-height: 35vh;\n}\n#section_67482677 .section-bg-overlay {\n  background-color: rgba(14, 82, 44, 0.901);\n}\n<\/style>\n\t<\/section>\n\t\n\n\t<section class=\"section\" id=\"section_2035175470\">\n\t\t<div class=\"section-bg fill\" >\n\t\t\t\t\t\t\t\t\t\n\t\t\t\n\n\t\t<\/div>\n\n\t\t\n\n\t\t<div class=\"section-content relative\">\n\t\t\t\n\n\t<div id=\"gap-1277129036\" class=\"gap-element clearfix\" style=\"display:block; height:auto;\">\n\t\t\n<style>\n#gap-1277129036 {\n  padding-top: 31px;\n}\n<\/style>\n\t<\/div>\n\t\n\n<div class=\"row align-middle align-center\"  id=\"row-2054905655\">\n\n\n\t<div id=\"col-1290923552\" class=\"col medium-10 small-12 large-6\"  >\n\t\t\t\t<div class=\"col-inner\"  >\n\t\t\t\n\t\t\t\n\n<h2>Acerca de Midwest Material Management, una empresa de alquiler de contenedores<\/h2>\n<p><span style=\"font-weight: 400;\">Somos Midwest Material Management, donde la experiencia se une a la sostenibilidad. Con m\u00e1s de 25 a\u00f1os de servicio dedicado, hemos perfeccionado nuestro oficio para brindar soluciones incomparables en la gesti\u00f3n de residuos. Nuestro compromiso con la excelencia s\u00f3lo se compara con nuestra pasi\u00f3n por el medio ambiente. Estamos orgullosos de nuestra capacidad de reciclar m\u00e1s de 75% de los materiales que nos env\u00edan, contribuyendo a un futuro m\u00e1s ecol\u00f3gico y sostenible.\u00a0<\/span><\/p>\n<p><span style=\"font-weight: 400;\">Combinamos d\u00e9cadas de experiencia con pr\u00e1cticas ecol\u00f3gicas de vanguardia, asegurando que cada proyecto refleje nuestra dedicaci\u00f3n a la calidad, la innovaci\u00f3n y la responsabilidad ambiental. \u00danase a nosotros para lograr un impacto positivo mientras se beneficia de la sabidur\u00eda que conlleva un cuarto de siglo de liderazgo en la industria.<\/span><\/p>\n\n\t\t<\/div>\n\t\t\t\t\n<style>\n#col-1290923552 > .col-inner {\n  padding: 0px 30px 0px 0px;\n}\n<\/style>\n\t<\/div>\n\n\t\n\n\t<div id=\"col-1500787361\" class=\"col medium-10 small-12 large-6\"  >\n\t\t\t\t<div class=\"col-inner\"  >\n\t\t\t\n\t\t\t\n\n\t<div class=\"img has-hover x md-x lg-x y md-y lg-y\" id=\"image_1261033070\">\n\t\t\t\t\t\t\t\t<div class=\"img-inner image-cover dark\" style=\"padding-top:112%;\">\n\t\t\t<img loading=\"lazy\" decoding=\"async\" width=\"1020\" height=\"680\" src=\"https:\/\/www.mmmdumpsters.com\/wp-content\/uploads\/2021\/09\/DJI_0058-1024x683.jpeg\" class=\"attachment-large size-large\" alt=\"servicios de alquiler de contenedores de basura\" srcset=\"https:\/\/www.mmmdumpsters.com\/wp-content\/uploads\/2021\/09\/DJI_0058-1024x683.jpeg 1024w, https:\/\/www.mmmdumpsters.com\/wp-content\/uploads\/2021\/09\/DJI_0058-500x333.jpeg 500w, https:\/\/www.mmmdumpsters.com\/wp-content\/uploads\/2021\/09\/DJI_0058-768x512.jpeg 768w, https:\/\/www.mmmdumpsters.com\/wp-content\/uploads\/2021\/09\/DJI_0058.jpeg 1080w\" sizes=\"auto, (max-width: 1020px) 100vw, 1020px\" \/>\t\t\t\t\t\t\n\t\t\t\t\t<\/div>\n\t\t\t\t\t\t\t\t\n<style>\n#image_1261033070 {\n  width: 100%;\n}\n<\/style>\n\t<\/div>\n\t\n\n\n\t\t<\/div>\n\t\t\t\t\t<\/div>\n\n\t\n\n<\/div>\n\n\t\t<\/div>\n\n\t\t\n<style>\n#section_2035175470 {\n  padding-top: 30px;\n  padding-bottom: 30px;\n}\n<\/style>\n\t<\/section>\n\t\n\n\t<section class=\"section\" id=\"section_836217392\">\n\t\t<div class=\"section-bg fill\" >\n\t\t\t\t\t\t\t\t\t\n\t\t\t\n\n\t\t<\/div>\n\n\t\t\n\n\t\t<div class=\"section-content relative\">\n\t\t\t\n\n\t<div id=\"gap-696125993\" class=\"gap-element clearfix\" style=\"display:block; height:auto;\">\n\t\t\n<style>\n#gap-696125993 {\n  padding-top: 30px;\n}\n<\/style>\n\t<\/div>\n\t\n\n<div class=\"row align-center\"  id=\"row-349107832\">\n\n\n\t<div id=\"col-1064178385\" class=\"col medium-5 small-12 large-5\"  >\n\t\t\t\t<div class=\"col-inner text-center\"  >\n\t\t\t\n\t\t\t\n\n\t<div id=\"gap-1161679371\" class=\"gap-element clearfix\" style=\"display:block; height:auto;\">\n\t\t\n<style>\n#gap-1161679371 {\n  padding-top: 10px;\n}\n<\/style>\n\t<\/div>\n\t\n\n\t<div id=\"text-4016273672\" class=\"text\">\n\t\t\n\n<h3>Midwest Material Management, una empresa de alquiler de contenedores<\/h3>\n<h2><strong>Equipo de liderazgo<\/strong><\/h2>\n\t\t\n<style>\n#text-4016273672 {\n  font-size: 1rem;\n  line-height: 1;\n}\n<\/style>\n\t<\/div>\n\t\n\n\t\t<\/div>\n\t\t\t\t\t<\/div>\n\n\t\n\n<\/div>\n<div class=\"row row-small align-center\"  id=\"row-1780568976\">\n\n\n\t<div id=\"col-1820418275\" class=\"col medium-4 small-6 large-3\"  >\n\t\t\t\t<div class=\"col-inner\"  >\n\t\t\t\n\t\t\t\n\n    <div class=\"box has-hover has-hover box-text-bottom\" >\n\n                  <div class=\"box-image\" >\n           <div class=\"box-image-inner image-cover\" style=\"padding-top:100%;\">\n              <img loading=\"lazy\" decoding=\"async\" width=\"360\" height=\"240\" src=\"https:\/\/www.mmmdumpsters.com\/wp-content\/uploads\/2024\/01\/sberglund_TOPPICK-2.jpg\" class=\"attachment- size-\" alt=\"\" srcset=\"https:\/\/www.mmmdumpsters.com\/wp-content\/uploads\/2024\/01\/sberglund_TOPPICK-2.jpg 360w, https:\/\/www.mmmdumpsters.com\/wp-content\/uploads\/2024\/01\/sberglund_TOPPICK-2-18x12.jpg 18w\" sizes=\"auto, (max-width: 360px) 100vw, 360px\" \/>                         <\/div>\n          <\/div>\n         \n          <div class=\"box-text text-center\" >\n                <div class=\"box-text-inner\">\n                  <h4 class=\"uppercase\">\n                    <span class=\"person-name\">Steven Berglund<\/span><br\/>\n                    <span class=\"person-title is-small thin-font op-7\">\n                                          <\/span>\n                  <\/h4>\n\t\t\t\t\t\n\n<p>Presidente<\/p>\n\n\n                <\/div>\n          <\/div>\n    <\/div>\n\n\t\n    \n\n\t\t<\/div>\n\t\t\t\t\t<\/div>\n\n\t\n\n\t<div id=\"col-1329395993\" class=\"col medium-4 small-6 large-3\"  >\n\t\t\t\t<div class=\"col-inner\"  >\n\t\t\t\n\t\t\t\n\n    <div class=\"box has-hover has-hover box-text-bottom\" >\n\n                  <div class=\"box-image\" >\n           <div class=\"box-image-inner image-cover\" style=\"padding-top:100%;\">\n              <img loading=\"lazy\" decoding=\"async\" width=\"360\" height=\"240\" src=\"https:\/\/www.mmmdumpsters.com\/wp-content\/uploads\/2024\/01\/Jerry-McCabe_TiEnergy-Leader-1.jpg\" class=\"attachment- size-\" alt=\"\" srcset=\"https:\/\/www.mmmdumpsters.com\/wp-content\/uploads\/2024\/01\/Jerry-McCabe_TiEnergy-Leader-1.jpg 360w, https:\/\/www.mmmdumpsters.com\/wp-content\/uploads\/2024\/01\/Jerry-McCabe_TiEnergy-Leader-1-18x12.jpg 18w\" sizes=\"auto, (max-width: 360px) 100vw, 360px\" \/>                         <\/div>\n          <\/div>\n         \n          <div class=\"box-text text-center\" >\n                <div class=\"box-text-inner\">\n                  <h4 class=\"uppercase\">\n                    <span class=\"person-name\">Jerry McCabe<\/span><br\/>\n                    <span class=\"person-title is-small thin-font op-7\">\n                                          <\/span>\n                  <\/h4>\n\t\t\t\t\t\n\n<p>Director financiero<\/p>\n\n                <\/div>\n          <\/div>\n    <\/div>\n\n\t\n    \n\n\t\t<\/div>\n\t\t\t\t\t<\/div>\n\n\t\n\n\t<div id=\"col-559455427\" class=\"col medium-4 small-6 large-3\"  >\n\t\t\t\t<div class=\"col-inner\"  >\n\t\t\t\n\t\t\t\n\n    <div class=\"box has-hover has-hover box-text-bottom\" >\n\n                  <div class=\"box-image\" >\n           <div class=\"box-image-inner image-cover\" style=\"padding-top:100%;\">\n              <img loading=\"lazy\" decoding=\"async\" width=\"360\" height=\"240\" src=\"https:\/\/www.mmmdumpsters.com\/wp-content\/uploads\/2024\/01\/Greg-Kutschke_TiEnergy_Leader-in-Railroad-Sustainability-Solutions-1.jpg\" class=\"attachment- size-\" alt=\"\" srcset=\"https:\/\/www.mmmdumpsters.com\/wp-content\/uploads\/2024\/01\/Greg-Kutschke_TiEnergy_Leader-in-Railroad-Sustainability-Solutions-1.jpg 360w, https:\/\/www.mmmdumpsters.com\/wp-content\/uploads\/2024\/01\/Greg-Kutschke_TiEnergy_Leader-in-Railroad-Sustainability-Solutions-1-18x12.jpg 18w\" sizes=\"auto, (max-width: 360px) 100vw, 360px\" \/>                         <\/div>\n          <\/div>\n         \n          <div class=\"box-text text-center\" >\n                <div class=\"box-text-inner\">\n                  <h4 class=\"uppercase\">\n                    <span class=\"person-name\">Greg Kutschke<\/span><br\/>\n                    <span class=\"person-title is-small thin-font op-7\">\n                                          <\/span>\n                  <\/h4>\n\t\t\t\t\t\n\n<p>Vicepresidente ejecutivo<\/p>\n\n                <\/div>\n          <\/div>\n    <\/div>\n\n\t\n    \n\n\t\t<\/div>\n\t\t\t\t\t<\/div>\n\n\t\n\n\t<div id=\"col-2128049228\" class=\"col medium-4 small-6 large-3\"  >\n\t\t\t\t<div class=\"col-inner\"  >\n\t\t\t\n\t\t\t\n\n    <div class=\"box has-hover has-hover box-text-bottom\" >\n\n                  <div class=\"box-image\" >\n           <div class=\"box-image-inner image-cover\" style=\"padding-top:100%;\">\n              <img loading=\"lazy\" decoding=\"async\" width=\"360\" height=\"240\" src=\"https:\/\/www.mmmdumpsters.com\/wp-content\/uploads\/2024\/01\/skyle_TOPPICK-2.jpg\" class=\"attachment- size-\" alt=\"\" srcset=\"https:\/\/www.mmmdumpsters.com\/wp-content\/uploads\/2024\/01\/skyle_TOPPICK-2.jpg 360w, https:\/\/www.mmmdumpsters.com\/wp-content\/uploads\/2024\/01\/skyle_TOPPICK-2-18x12.jpg 18w\" sizes=\"auto, (max-width: 360px) 100vw, 360px\" \/>                         <\/div>\n          <\/div>\n         \n          <div class=\"box-text text-center\" >\n                <div class=\"box-text-inner\">\n                  <h4 class=\"uppercase\">\n                    <span class=\"person-name\">Steven Kyle<\/span><br\/>\n                    <span class=\"person-title is-small thin-font op-7\">\n                                          <\/span>\n                  <\/h4>\n\t\t\t\t\t\n\n<p>Director de Recursos Humanos y Seguridad<\/p>\n\n                <\/div>\n          <\/div>\n    <\/div>\n\n\t\n    \n\n\t\t<\/div>\n\t\t\t\t\t<\/div>\n\n\t\n\n\t<div id=\"col-1635219538\" class=\"col medium-4 small-6 large-3\"  >\n\t\t\t\t<div class=\"col-inner\"  >\n\t\t\t\n\t\t\t\n\n    <div class=\"box has-hover has-hover box-text-bottom\" >\n\n                  <div class=\"box-image\" >\n           <div class=\"box-image-inner image-cover\" style=\"padding-top:100%;\">\n              <img loading=\"lazy\" decoding=\"async\" width=\"360\" height=\"240\" src=\"https:\/\/www.mmmdumpsters.com\/wp-content\/uploads\/2024\/01\/Jamie-Hodge_TiEnergy_Leader-in-Railroad-Sustainability-Solutions.jpg\" class=\"attachment- size-\" alt=\"\" srcset=\"https:\/\/www.mmmdumpsters.com\/wp-content\/uploads\/2024\/01\/Jamie-Hodge_TiEnergy_Leader-in-Railroad-Sustainability-Solutions.jpg 360w, https:\/\/www.mmmdumpsters.com\/wp-content\/uploads\/2024\/01\/Jamie-Hodge_TiEnergy_Leader-in-Railroad-Sustainability-Solutions-18x12.jpg 18w\" sizes=\"auto, (max-width: 360px) 100vw, 360px\" \/>                         <\/div>\n          <\/div>\n         \n          <div class=\"box-text text-center\" >\n                <div class=\"box-text-inner\">\n                  <h4 class=\"uppercase\">\n                    <span class=\"person-name\">Jaime Hodge<\/span><br\/>\n                    <span class=\"person-title is-small thin-font op-7\">\n                                          <\/span>\n                  <\/h4>\n\t\t\t\t\t\n\n<p>Especialista de cuentas y coordinador de marketing<\/p>\n\n                <\/div>\n          <\/div>\n    <\/div>\n\n\t\n    \n\n\t\t<\/div>\n\t\t\t\t\t<\/div>\n\n\t\n\n\t<div id=\"col-322309761\" class=\"col medium-4 small-6 large-3\"  >\n\t\t\t\t<div class=\"col-inner\"  >\n\t\t\t\n\t\t\t\n\n    <div class=\"box has-hover has-hover box-text-bottom\" >\n\n                  <div class=\"box-image\" >\n           <div class=\"box-image-inner image-cover\" style=\"padding-top:100%;\">\n              <img loading=\"lazy\" decoding=\"async\" width=\"360\" height=\"240\" src=\"https:\/\/www.mmmdumpsters.com\/wp-content\/uploads\/2024\/01\/liacovelli_TOPPICK-2.jpg\" class=\"attachment- size-\" alt=\"\" srcset=\"https:\/\/www.mmmdumpsters.com\/wp-content\/uploads\/2024\/01\/liacovelli_TOPPICK-2.jpg 360w, https:\/\/www.mmmdumpsters.com\/wp-content\/uploads\/2024\/01\/liacovelli_TOPPICK-2-18x12.jpg 18w\" sizes=\"auto, (max-width: 360px) 100vw, 360px\" \/>                         <\/div>\n          <\/div>\n         \n          <div class=\"box-text text-center\" >\n                <div class=\"box-text-inner\">\n                  <h4 class=\"uppercase\">\n                    <span class=\"person-name\">Luis Lacovelli<\/span><br\/>\n                    <span class=\"person-title is-small thin-font op-7\">\n                                          <\/span>\n                  <\/h4>\n\t\t\t\t\t\n\n<p>Representante de cuenta<\/p>\n\n                <\/div>\n          <\/div>\n    <\/div>\n\n\t\n    \n\n\t\t<\/div>\n\t\t\t\t\t<\/div>\n\n\t\n\n\t<div id=\"col-41122010\" class=\"col medium-4 small-6 large-3\"  >\n\t\t\t\t<div class=\"col-inner\"  >\n\t\t\t\n\t\t\t\n\n    <div class=\"box has-hover has-hover box-text-bottom\" >\n\n                  <div class=\"box-image\" >\n           <div class=\"box-image-inner image-cover\" style=\"padding-top:100%;\">\n              <img loading=\"lazy\" decoding=\"async\" width=\"360\" height=\"240\" src=\"https:\/\/www.mmmdumpsters.com\/wp-content\/uploads\/2024\/01\/sberglund1_TOPPICK-3.jpg\" class=\"attachment- size-\" alt=\"\" srcset=\"https:\/\/www.mmmdumpsters.com\/wp-content\/uploads\/2024\/01\/sberglund1_TOPPICK-3.jpg 360w, https:\/\/www.mmmdumpsters.com\/wp-content\/uploads\/2024\/01\/sberglund1_TOPPICK-3-18x12.jpg 18w\" sizes=\"auto, (max-width: 360px) 100vw, 360px\" \/>                         <\/div>\n          <\/div>\n         \n          <div class=\"box-text text-center\" >\n                <div class=\"box-text-inner\">\n                  <h4 class=\"uppercase\">\n                    <span class=\"person-name\">Steve Berglund<\/span><br\/>\n                    <span class=\"person-title is-small thin-font op-7\">\n                                          <\/span>\n                  <\/h4>\n\t\t\t\t\t\n\n<p>En memoria amorosa de nuestro l\u00edder visionario<\/p>\n\n\n                <\/div>\n          <\/div>\n    <\/div>\n\n\t\n    \n\n\t\t<\/div>\n\t\t\t\t\t<\/div>\n\n\t\n\n\t<div id=\"col-239237644\" class=\"col medium-4 small-6 large-3\"  >\n\t\t\t\t<div class=\"col-inner\"  >\n\t\t\t\n\t\t\t\n\n\n\t\t<\/div>\n\t\t\t\t\t<\/div>\n\n\t\n\n<\/div>\n\n\t\t<\/div>\n\n\t\t\n<style>\n#section_836217392 {\n  padding-top: 30px;\n  padding-bottom: 30px;\n  background-color: rgb(248, 248, 248);\n}\n<\/style>\n\t<\/section>\n\t\n\n\t<section class=\"section\" id=\"section_129482758\">\n\t\t<div class=\"section-bg fill\" >\n\t\t\t\t\t\t\t\t\t\n\t\t\t\n\n\t\t<\/div>\n\n\t\t\n\n\t\t<div class=\"section-content relative\">\n\t\t\t\n\n\t<div id=\"gap-2123698778\" class=\"gap-element clearfix\" style=\"display:block; height:auto;\">\n\t\t\n<style>\n#gap-2123698778 {\n  padding-top: 31px;\n}\n<\/style>\n\t<\/div>\n\t\n\n<div class=\"row row-large align-middle align-center\"  id=\"row-1487664992\">\n\n\n\t<div id=\"col-700948476\" class=\"col medium-10 small-12 large-6\"  >\n\t\t\t\t<div class=\"col-inner\"  >\n\t\t\t\n\t\t\t\n\n\t<div class=\"img has-hover x md-x lg-x y md-y lg-y\" id=\"image_315690979\">\n\t\t\t\t\t\t\t\t<div class=\"img-inner dark\" >\n\t\t\t<img loading=\"lazy\" decoding=\"async\" width=\"1020\" height=\"536\" src=\"https:\/\/www.mmmdumpsters.com\/wp-content\/uploads\/2024\/01\/TiE_Crains-Leader-in-Sustainability2-1024x538-1.jpg\" class=\"attachment-large size-large\" alt=\"\" srcset=\"https:\/\/www.mmmdumpsters.com\/wp-content\/uploads\/2024\/01\/TiE_Crains-Leader-in-Sustainability2-1024x538-1.jpg 1024w, https:\/\/www.mmmdumpsters.com\/wp-content\/uploads\/2024\/01\/TiE_Crains-Leader-in-Sustainability2-1024x538-1-500x263.jpg 500w, https:\/\/www.mmmdumpsters.com\/wp-content\/uploads\/2024\/01\/TiE_Crains-Leader-in-Sustainability2-1024x538-1-768x404.jpg 768w, https:\/\/www.mmmdumpsters.com\/wp-content\/uploads\/2024\/01\/TiE_Crains-Leader-in-Sustainability2-1024x538-1-18x9.jpg 18w\" sizes=\"auto, (max-width: 1020px) 100vw, 1020px\" \/>\t\t\t\t\t\t\n\t\t\t\t\t<\/div>\n\t\t\t\t\t\t\t\t\n<style>\n#image_315690979 {\n  width: 100%;\n}\n<\/style>\n\t<\/div>\n\t\n\n\n\t\t<\/div>\n\t\t\t\t\t<\/div>\n\n\t\n\n\t<div id=\"col-1165468534\" class=\"col medium-10 small-12 large-6\"  >\n\t\t\t\t<div class=\"col-inner text-left\"  >\n\t\t\t\n\t\t\t\n\n\t<div id=\"text-994984390\" class=\"text\">\n\t\t\n\n<h3 class=\"entry-title\"><strong>El fundador y presidente Steve Berglund es honrado por Crain&#039;s Business como &quot;l\u00edder notable en sostenibilidad&quot;<\/strong><\/h3>\n\t\t\n<style>\n#text-994984390 {\n  line-height: 1.2;\n  color: rgb(255,255,255);\n}\n#text-994984390 > * {\n  color: rgb(255,255,255);\n}\n<\/style>\n\t<\/div>\n\t\n\t<div id=\"gap-97803554\" class=\"gap-element clearfix\" style=\"display:block; height:auto;\">\n\t\t\n<style>\n#gap-97803554 {\n  padding-top: 20px;\n}\n<\/style>\n\t<\/div>\n\t\n\n<a href=\"https:\/\/www.tienergy-usa.com\/in-the-news\/tienergys-founder-president-steve-berglund-honored-by-crains-business-as-a-notable-leader-in-sustainability\/\" target=\"_blank\" class=\"button secondary\" rel=\"noopener\"  >\n\t\t<span>Leer m\u00e1s<\/span>\n\t<\/a>\n\n\n\n\t\t<\/div>\n\t\t\t\t\t<\/div>\n\n\t\n\n<\/div>\n\n\t\t<\/div>\n\n\t\t\n<style>\n#section_129482758 {\n  padding-top: 60px;\n  padding-bottom: 60px;\n  background-color: #176d3c;\n}\n<\/style>\n\t<\/section>","protected":false},"excerpt":{"rendered":"","protected":false},"author":3,"featured_media":0,"parent":0,"menu_order":0,"comment_status":"closed","ping_status":"closed","template":"page-blank.php","meta":{"footnotes":""},"class_list":["post-852","page","type-page","status-publish","hentry"],"yoast_head":"<!-- This site is optimized with the Yoast SEO plugin v27.3 - https:\/\/yoast.com\/product\/yoast-seo-wordpress\/ -->\n<title>Dumpster Rental Company I MMMDumpsters.com<\/title>\n<meta name=\"description\" content=\"Dumpster Rental: Same Day Delivery &amp; Pick Up. Roll-off dumpster rentals: 3, 10, 15, 20, 30, 55, 125 cubic yard dumpsters. Any size\/budget\" \/>\n<meta name=\"robots\" content=\"index, follow, max-snippet:-1, max-image-preview:large, max-video-preview:-1\" \/>\n<link rel=\"canonical\" href=\"https:\/\/www.mmmdumpsters.com\/es\/sobre-nosotros\/\" \/>\n<meta property=\"og:locale\" content=\"es_MX\" \/>\n<meta property=\"og:type\" content=\"article\" \/>\n<meta property=\"og:title\" content=\"Dumpster Rental Company I MMMDumpsters.com\" \/>\n<meta property=\"og:description\" content=\"Dumpster Rental: Same Day Delivery &amp; Pick Up. Roll-off dumpster rentals: 3, 10, 15, 20, 30, 55, 125 cubic yard dumpsters. Any size\/budget\" \/>\n<meta property=\"og:url\" content=\"https:\/\/www.mmmdumpsters.com\/es\/sobre-nosotros\/\" \/>\n<meta property=\"og:site_name\" content=\"Midwest Material Management - Dumpsters\" \/>\n<meta property=\"article:modified_time\" content=\"2025-09-30T15:34:19+00:00\" \/>\n<meta name=\"twitter:card\" content=\"summary_large_image\" \/>\n<script type=\"application\/ld+json\" class=\"yoast-schema-graph\">{\"@context\":\"https:\\\/\\\/schema.org\",\"@graph\":[{\"@type\":[\"WebPage\",\"AboutPage\"],\"@id\":\"https:\\\/\\\/www.mmmdumpsters.com\\\/about-us\\\/\",\"url\":\"https:\\\/\\\/www.mmmdumpsters.com\\\/about-us\\\/\",\"name\":\"Dumpster Rental Company I MMMDumpsters.com\",\"isPartOf\":{\"@id\":\"https:\\\/\\\/www.mmmdumpsters.com\\\/#website\"},\"datePublished\":\"2024-01-04T20:51:12+00:00\",\"dateModified\":\"2025-09-30T15:34:19+00:00\",\"description\":\"Dumpster Rental: Same Day Delivery & Pick Up. Roll-off dumpster rentals: 3, 10, 15, 20, 30, 55, 125 cubic yard dumpsters. Any size\\\/budget\",\"breadcrumb\":{\"@id\":\"https:\\\/\\\/www.mmmdumpsters.com\\\/about-us\\\/#breadcrumb\"},\"inLanguage\":\"es-MX\",\"potentialAction\":[{\"@type\":\"ReadAction\",\"target\":[\"https:\\\/\\\/www.mmmdumpsters.com\\\/about-us\\\/\"]}]},{\"@type\":\"BreadcrumbList\",\"@id\":\"https:\\\/\\\/www.mmmdumpsters.com\\\/about-us\\\/#breadcrumb\",\"itemListElement\":[{\"@type\":\"ListItem\",\"position\":1,\"name\":\"Home\",\"item\":\"https:\\\/\\\/www.mmmdumpsters.com\\\/\"},{\"@type\":\"ListItem\",\"position\":2,\"name\":\"About Us\"}]},{\"@type\":\"WebSite\",\"@id\":\"https:\\\/\\\/www.mmmdumpsters.com\\\/#website\",\"url\":\"https:\\\/\\\/www.mmmdumpsters.com\\\/\",\"name\":\"Midwest Material Management - Dumpsters\",\"description\":\"Roll-Off Dumpster Rental &amp; Recycling Solutions\",\"potentialAction\":[{\"@type\":\"SearchAction\",\"target\":{\"@type\":\"EntryPoint\",\"urlTemplate\":\"https:\\\/\\\/www.mmmdumpsters.com\\\/?s={search_term_string}\"},\"query-input\":{\"@type\":\"PropertyValueSpecification\",\"valueRequired\":true,\"valueName\":\"search_term_string\"}}],\"inLanguage\":\"es-MX\"}]}<\/script>\n<!-- \/ Yoast SEO plugin. -->","yoast_head_json":{"title":"Empresa de alquiler de contenedores de basura I MMMDumpsters.com","description":"Alquiler de contenedores: entrega y recogida el mismo d\u00eda. Alquiler de contenedores con tapa abatible: contenedores de 3, 10, 15, 20, 30, 55 y 125 yardas c\u00fabicas. Cualquier tama\u00f1o y presupuesto.","robots":{"index":"index","follow":"follow","max-snippet":"max-snippet:-1","max-image-preview":"max-image-preview:large","max-video-preview":"max-video-preview:-1"},"canonical":"https:\/\/www.mmmdumpsters.com\/es\/sobre-nosotros\/","og_locale":"es_MX","og_type":"article","og_title":"Dumpster Rental Company I MMMDumpsters.com","og_description":"Dumpster Rental: Same Day Delivery & Pick Up. Roll-off dumpster rentals: 3, 10, 15, 20, 30, 55, 125 cubic yard dumpsters. Any size\/budget","og_url":"https:\/\/www.mmmdumpsters.com\/es\/sobre-nosotros\/","og_site_name":"Midwest Material Management - Dumpsters","article_modified_time":"2025-09-30T15:34:19+00:00","twitter_card":"summary_large_image","schema":{"@context":"https:\/\/schema.org","@graph":[{"@type":["WebPage","AboutPage"],"@id":"https:\/\/www.mmmdumpsters.com\/about-us\/","url":"https:\/\/www.mmmdumpsters.com\/about-us\/","name":"Empresa de alquiler de contenedores de basura I MMMDumpsters.com","isPartOf":{"@id":"https:\/\/www.mmmdumpsters.com\/#website"},"datePublished":"2024-01-04T20:51:12+00:00","dateModified":"2025-09-30T15:34:19+00:00","description":"Alquiler de contenedores: entrega y recogida el mismo d\u00eda. Alquiler de contenedores con tapa abatible: contenedores de 3, 10, 15, 20, 30, 55 y 125 yardas c\u00fabicas. Cualquier tama\u00f1o y presupuesto.","breadcrumb":{"@id":"https:\/\/www.mmmdumpsters.com\/about-us\/#breadcrumb"},"inLanguage":"es-MX","potentialAction":[{"@type":"ReadAction","target":["https:\/\/www.mmmdumpsters.com\/about-us\/"]}]},{"@type":"BreadcrumbList","@id":"https:\/\/www.mmmdumpsters.com\/about-us\/#breadcrumb","itemListElement":[{"@type":"ListItem","position":1,"name":"Home","item":"https:\/\/www.mmmdumpsters.com\/"},{"@type":"ListItem","position":2,"name":"About Us"}]},{"@type":"WebSite","@id":"https:\/\/www.mmmdumpsters.com\/#website","url":"https:\/\/www.mmmdumpsters.com\/","name":"Midwest Material Management - Contenedores de basura","description":"Soluciones de reciclaje y alquiler de contenedores de basura rodantes","potentialAction":[{"@type":"SearchAction","target":{"@type":"EntryPoint","urlTemplate":"https:\/\/www.mmmdumpsters.com\/?s={search_term_string}"},"query-input":{"@type":"PropertyValueSpecification","valueRequired":true,"valueName":"search_term_string"}}],"inLanguage":"es-MX"}]}},"_links":{"self":[{"href":"https:\/\/www.mmmdumpsters.com\/es\/wp-json\/wp\/v2\/pages\/852","targetHints":{"allow":["GET"]}}],"collection":[{"href":"https:\/\/www.mmmdumpsters.com\/es\/wp-json\/wp\/v2\/pages"}],"about":[{"href":"https:\/\/www.mmmdumpsters.com\/es\/wp-json\/wp\/v2\/types\/page"}],"author":[{"embeddable":true,"href":"https:\/\/www.mmmdumpsters.com\/es\/wp-json\/wp\/v2\/users\/3"}],"replies":[{"embeddable":true,"href":"https:\/\/www.mmmdumpsters.com\/es\/wp-json\/wp\/v2\/comments?post=852"}],"version-history":[{"count":7,"href":"https:\/\/www.mmmdumpsters.com\/es\/wp-json\/wp\/v2\/pages\/852\/revisions"}],"predecessor-version":[{"id":955,"href":"https:\/\/www.mmmdumpsters.com\/es\/wp-json\/wp\/v2\/pages\/852\/revisions\/955"}],"wp:attachment":[{"href":"https:\/\/www.mmmdumpsters.com\/es\/wp-json\/wp\/v2\/media?parent=852"}],"curies":[{"name":"gracias","href":"https:\/\/api.w.org\/{rel}","templated":true}]}}