{"id":517,"date":"2022-10-25T19:14:47","date_gmt":"2022-10-25T19:14:47","guid":{"rendered":"https:\/\/www.mmmdumpsters.com\/?page_id=517"},"modified":"2024-01-31T23:45:30","modified_gmt":"2024-01-31T23:45:30","slug":"faq","status":"publish","type":"page","link":"https:\/\/www.mmmdumpsters.com\/pl\/faq\/","title":{"rendered":"FAQ"},"content":{"rendered":"<section class=\"section dark\" id=\"section_1861772169\">\n\t\t<div class=\"section-bg fill\" >\n\t\t\t<img loading=\"lazy\" decoding=\"async\" width=\"1080\" height=\"720\" src=\"https:\/\/www.mmmdumpsters.com\/wp-content\/uploads\/2021\/09\/DJI_0066.jpeg\" class=\"bg\" alt=\"Wynajem kontener\u00f3w na \u015bmieci w Chicago\" srcset=\"https:\/\/www.mmmdumpsters.com\/wp-content\/uploads\/2021\/09\/DJI_0066.jpeg 1080w, https:\/\/www.mmmdumpsters.com\/wp-content\/uploads\/2021\/09\/DJI_0066-500x333.jpeg 500w, https:\/\/www.mmmdumpsters.com\/wp-content\/uploads\/2021\/09\/DJI_0066-1024x683.jpeg 1024w, https:\/\/www.mmmdumpsters.com\/wp-content\/uploads\/2021\/09\/DJI_0066-768x512.jpeg 768w\" sizes=\"auto, (max-width: 1080px) 100vw, 1080px\" \/>\t\t\t\t\t\t<div class=\"section-bg-overlay absolute fill\"><\/div>\n\t\t\t\n\n\t\t<\/div>\n\n\t\t\n\n\t\t<div class=\"section-content relative\">\n\t\t\t\n\n<div class=\"row\"  id=\"row-211929027\">\n\n\n\t<div id=\"col-880927427\" class=\"col small-12 large-12\"  >\n\t\t\t\t<div class=\"col-inner\"  >\n\t\t\t\n\t\t\t\n\n\t<div id=\"text-1641655545\" class=\"text\">\n\t\t\n\n<h1><span style=\"font-size: 100%;\">Cz\u0119sto zadawane pytania dotycz\u0105ce kontener\u00f3w na \u015bmieci<\/span><\/h1>\n\t\t\n<style>\n#text-1641655545 {\n  font-size: 1.55rem;\n  text-align: center;\n}\n<\/style>\n\t<\/div>\n\t\n\n\t\t<\/div>\n\t\t\t\t\t<\/div>\n\n\t\n\n<\/div>\n\n\t\t<\/div>\n\n\t\t\n<style>\n#section_1861772169 {\n  padding-top: 151px;\n  padding-bottom: 151px;\n}\n#section_1861772169 .section-bg-overlay {\n  background-color: rgba(0, 0, 0, 0.334);\n}\n#section_1861772169 .section-bg img {\n  object-position: 33% 59%;\n}\n<\/style>\n\t<\/section>\n\t\n\n\t<section class=\"section\" id=\"section_1075880106\">\n\t\t<div class=\"section-bg fill\" >\n\t\t\t\t\t\t\t\t\t\n\t\t\t\n\n\t\t<\/div>\n\n\t\t\n\n\t\t<div class=\"section-content relative\">\n\t\t\t\n\n<div class=\"row align-center\"  id=\"row-2018138442\">\n\n\n\t<div id=\"col-702022167\" class=\"col medium-10 small-12 large-10\"  >\n\t\t\t\t<div class=\"col-inner text-left\"  >\n\t\t\t\n\t\t\t\n\n<div class=\"row\"  id=\"row-758688186\">\n\n\n\t<div id=\"col-451166721\" class=\"col small-12 large-12\"  >\n\t\t\t\t<div class=\"col-inner\"  >\n\t\t\t\n\t\t\t\n\n\t<div id=\"text-2625228239\" class=\"text\">\n\t\t\n\n<h2>NAJCZ\u0118STSZE PYTANIA NA ZDJ\u0118CIA<\/h2>\n\t\t\n<style>\n#text-2625228239 {\n  text-align: center;\n}\n<\/style>\n\t<\/div>\n\t\n\n\t\t<\/div>\n\t\t\t\t\t<\/div>\n\n\t\n\n<\/div>\n<div class=\"accordion\">\n\n\t<div id=\"accordion-433825319\" class=\"accordion-item\">\n\t\t<a id=\"accordion-433825319-label\" class=\"accordion-title plain\" href=\"#accordion-item-1.-what-are-the-sizes-or-dimensions-of-a-roll-off-box-or-dumpster?\" aria-expanded=\"false\" aria-controls=\"accordion-433825319-content\" >\n\t\t\t<button class=\"toggle\" aria-label=\"Prze\u0142\u0105cznik\"><i class=\"icon-angle-down\"><\/i><\/button>\n\t\t\t<span>1. Jakie s\u0105 rozmiary lub wymiary kontenera rolowanego lub \u015bmietnika?<\/span>\n\t\t<\/a>\n\t\t<div id=\"accordion-433825319-content\" class=\"accordion-inner\" aria-labelledby=\"accordion-433825319-label\" >\n\t\t\t\n\n<div class=\"row\"  id=\"row-1279432036\">\n\n\n\t<div id=\"col-220193645\" class=\"col medium-6 small-12 large-6\"  >\n\t\t\t\t<div class=\"col-inner\"  >\n\t\t\t\n\t\t\t\n\n<p>A <strong>20 jard\u00f3w<\/strong> \u015bmietnik to:<br \/>Opcja kr\u00f3tkiego \u015bmietnika: 20 &#039;x 8&#039; x 4,5 &#039;<br \/>Opcja d\u0142ugiego \u015bmietnika: 22 &#039;x 8&#039; x 4,5 &#039;<\/p>\n\n\t\t<\/div>\n\t\t\t\t\t<\/div>\n\n\t\n\n\t<div id=\"col-162971113\" class=\"col medium-6 small-12 large-6\"  >\n\t\t\t\t<div class=\"col-inner\"  >\n\t\t\t\n\t\t\t\n\n<p>A <strong>30 jard\u00f3w<\/strong> \u015bmietnik to:<br \/>Opcja kr\u00f3tkiego \u015bmietnika: 20 &#039;x 8&#039; x 6 &#039;<br \/>Opcja d\u0142ugiego \u015bmietnika: 22 &#039;x 8&#039; x 6 &#039;<\/p>\n\n\t\t<\/div>\n\t\t\t\t\t<\/div>\n\n\t\n\n<\/div>\n\n\t\t<\/div>\n\t<\/div>\n\t\n\t<div id=\"accordion-3983093908\" class=\"accordion-item\">\n\t\t<a id=\"accordion-3983093908-label\" class=\"accordion-title plain\" href=\"#accordion-item-2.-what-if-i-don\u2019t-have-enough-to-fill-a-dumpster?\" aria-expanded=\"false\" aria-controls=\"accordion-3983093908-content\" >\n\t\t\t<button class=\"toggle\" aria-label=\"Prze\u0142\u0105cznik\"><i class=\"icon-angle-down\"><\/i><\/button>\n\t\t\t<span>2. Co je\u015bli nie mam wystarczaj\u0105co du\u017co, aby wype\u0142ni\u0107 \u015bmietnik?<\/span>\n\t\t<\/a>\n\t\t<div id=\"accordion-3983093908-content\" class=\"accordion-inner\" aria-labelledby=\"accordion-3983093908-label\" >\n\t\t\t\n\n<p>Mo\u017cesz przywie\u017a\u0107 swoje materia\u0142y do naszego Zak\u0142adu Recyklingu Budowy i Rozbi\u00f3rki w Hampshire, Illinois.<\/br> Prosz\u0119 odwied\u017a <a href= \"\/pl\/www.MMMrecycles.com\/\">www.MMMrecycles.com<\/a> aby uzyska\u0107 wi\u0119cej informacji i stawek. <\/p>\n\n\t\t<\/div>\n\t<\/div>\n\t\n\t<div id=\"accordion-2389748846\" class=\"accordion-item\">\n\t\t<a id=\"accordion-2389748846-label\" class=\"accordion-title plain\" href=\"#accordion-item-3.-what-kind-of-projects-can-a-dumpster-be-used-for?\" aria-expanded=\"false\" aria-controls=\"accordion-2389748846-content\" >\n\t\t\t<button class=\"toggle\" aria-label=\"Prze\u0142\u0105cznik\"><i class=\"icon-angle-down\"><\/i><\/button>\n\t\t\t<span>3. Do jakich projekt\u00f3w mo\u017cna u\u017cywa\u0107 \u015bmietnika?<\/span>\n\t\t<\/a>\n\t\t<div id=\"accordion-2389748846-content\" class=\"accordion-inner\" aria-labelledby=\"accordion-2389748846-label\" >\n\t\t\t\n\n<div class=\"row\"  id=\"row-212736585\">\n\n\n\t<div id=\"col-1881276463\" class=\"col medium-6 small-12 large-6\"  >\n\t\t\t\t<div class=\"col-inner\"  >\n\t\t\t\n\t\t\t\n\n<p><strong>Projekty komercyjne:<\/strong><\/p>\n<p>Wykrojniki do drewna<\/p>\n<p>Palety<\/p>\n<p><strong>Projekty mieszkaniowe:<\/strong><\/p>\n<p>Przebudowa kuchni<\/p>\n<p>Przebudowa \u0142azienki<\/p>\n<p>Wzbogacenie<\/p>\n<p>Prace remontowe<\/p>\n<p>Sprz\u0105tanie gara\u017cu<\/p>\n<p>Sprz\u0105tanie piwnicy<\/p>\n<p>Sprz\u0105tanie osiedla<\/p>\n<p>Usuwanie burz i katastrof<\/p>\n<p>Usuwanie gruzu z podw\u00f3rka i usuwanie odpad\u00f3w<\/p>\n<p>Rozbi\u00f3rka domu<\/p>\n\n\t\t<\/div>\n\t\t\t\t\t<\/div>\n\n\t\n\n\t<div id=\"col-916025171\" class=\"col medium-6 small-12 large-6\"  >\n\t\t\t\t<div class=\"col-inner\"  >\n\t\t\t\n\t\t\t\n\n<p><strong>Projekt\u00f3w budowlanych:<\/strong><\/p>\n<p>Place budowy<\/p>\n<p>Zarz\u0105dzanie w\u0142asno\u015bci\u0105<\/p>\n<p>Sprz\u0105tanie detaliczne<\/p>\n<p>Przebudowa detaliczna<\/p>\n<p>Sprz\u0105tanie biur<\/p>\n<p>Spo\u0142eczno\u015bci senior\u00f3w<\/p>\n<p>Czyszczenie jednostki magazynowej<\/p>\n<p>Nieruchomo\u015b\u0107<\/p>\n<p>Rozbi\u00f3rka<\/p>\n<p>Nowe budowle domowe<\/p>\n<p>Nowe dzielnice<\/p>\n<p>Budownictwo zewn\u0119trzne<\/p>\n<p>Budowa dr\u00f3g IDOT<\/p>\n<p>Przebudowa ko\u015bcio\u0142a<\/p>\n<p>Z\u0142ota r\u0105czka projekty<\/p>\n<p>Wykarczowanie<\/p>\n<p>Utylizacja szyn kolejowych<\/p>\n\n\t\t<\/div>\n\t\t\t\t\t<\/div>\n\n\t\n\n<\/div>\n\n\t\t<\/div>\n\t<\/div>\n\t\n\t<div id=\"accordion-1677399915\" class=\"accordion-item\">\n\t\t<a id=\"accordion-1677399915-label\" class=\"accordion-title plain\" href=\"#accordion-item-4.-how-long-can-i-keep-the-dumpster?\" aria-expanded=\"false\" aria-controls=\"accordion-1677399915-content\" >\n\t\t\t<button class=\"toggle\" aria-label=\"Prze\u0142\u0105cznik\"><i class=\"icon-angle-down\"><\/i><\/button>\n\t\t\t<span>4. Jak d\u0142ugo mog\u0119 przechowywa\u0107 \u015bmietnik?<\/span>\n\t\t<\/a>\n\t\t<div id=\"accordion-1677399915-content\" class=\"accordion-inner\" aria-labelledby=\"accordion-1677399915-label\" >\n\t\t\t\n\n<p>Zazwyczaj umo\u017cliwiamy klientom przechowywanie \u015bmietnika do 7 dni. Je\u015bli klient potrzebuje go d\u0142u\u017cej ni\u017c 1 tydzie\u0144, dodatkowe dni mo\u017cna wynegocjowa\u0107 z opiekunem klienta.<\/p>\n\n\t\t<\/div>\n\t<\/div>\n\t\n\t<div id=\"accordion-2291479737\" class=\"accordion-item\">\n\t\t<a id=\"accordion-2291479737-label\" class=\"accordion-title plain\" href=\"#accordion-item-5.-what-can-i-put-in-my-dumpster?\" aria-expanded=\"false\" aria-controls=\"accordion-2291479737-content\" >\n\t\t\t<button class=\"toggle\" aria-label=\"Prze\u0142\u0105cznik\"><i class=\"icon-angle-down\"><\/i><\/button>\n\t\t\t<span>5. Co mog\u0119 w\u0142o\u017cy\u0107 do \u015bmietnika?<\/span>\n\t\t<\/a>\n\t\t<div id=\"accordion-2291479737-content\" class=\"accordion-inner\" aria-labelledby=\"accordion-2291479737-label\" >\n\t\t\t\n\n<div class=\"row\"  id=\"row-1296749802\">\n\n\n\t<div id=\"col-1140096362\" class=\"col medium-6 small-12 large-6\"  >\n\t\t\t\t<div class=\"col-inner\"  >\n\t\t\t\n\t\t\t\n\n<p><strong>Gruz z budowy i rozbi\u00f3rki:<\/strong><\/p>\n<p>\u015amieci<\/p>\n<p>P\u0142yty gipsowo-kartonowe<\/p>\n<p>Izolacja<\/p>\n<p>Szk\u0142o<\/p>\n<p>Okna<\/p>\n<p>Plastikowy<\/p>\n<p>Materia\u0142y dachowe \/ Gonty<\/p>\n<p>Szopy \/ Pergole<\/p>\n<p>Siding drewniany<\/p>\n<p>Siding aluminiowy<\/p>\n<p>Metal<\/p>\n<p>Beton \/ Ceg\u0142y \/ Kamienie \/ Wyroby Murowe \/ \u017bwir<\/p>\n<p>Papier<\/p>\n<p>Palety<\/p>\n<p>Drewno krajobrazowe<\/p>\n<p>Chocho\u0142<\/p>\n<p>Wykrojniki do drewna<\/p>\n<p>Wi\u0119zy kolejowe<\/p>\n<p>Du\u017ce pniaki \/ ga\u0142\u0119zie \/ k\u0142ody<\/p>\n<p>Drewniane meble\u00a0<\/p>\n\n\t\t<\/div>\n\t\t\t\t\t<\/div>\n\n\t\n\n\t<div id=\"col-38655501\" class=\"col medium-6 small-12 large-6\"  >\n\t\t\t\t<div class=\"col-inner\"  >\n\t\t\t\n\t\t\t\n\n<p><span style=\"color: #ffffff;\"><strong>:<\/strong><\/span><\/p>\n<p>Drzwi \/ Wyko\u0144czenie<\/p>\n<p>Dywan \/ Dywany<\/p>\n<p>Szafy<\/p>\n<p>Zlewozmywaki<\/p>\n<p>Wanny<\/p>\n<p>Blaty<\/p>\n<p>Przewody<\/p>\n<p>Karton<\/p>\n<p>Oprawy<\/p>\n<p>Ogrodzenie<\/p>\n<p>Krzes\u0142a biurowe \/ Biurka<\/p>\n<p>Kosiarka \/ Kosiarki samojezdne<\/p>\n<p>Rowery<\/p>\n<p>Podgrzewacze wody \/ Piece<\/p>\n<p>\u015amieci<\/p>\n<p>Gruz z li\u015bci i podw\u00f3rka<\/p>\n<p>Hu\u015btawka \/ Playset<\/p>\n<p>Obr\u0119cz do koszyk\u00f3wki<\/p>\n\n\t\t<\/div>\n\t\t\t\t\t<\/div>\n\n\t\n\n<\/div>\n\n\t\t<\/div>\n\t<\/div>\n\t\n\t<div id=\"accordion-2005573921\" class=\"accordion-item\">\n\t\t<a id=\"accordion-2005573921-label\" class=\"accordion-title plain\" href=\"#accordion-item-6.-what-are-hard-to-handle-materials?-and-can-i-dispose-of-them-in-my-dumpster?\" aria-expanded=\"false\" aria-controls=\"accordion-2005573921-content\" >\n\t\t\t<button class=\"toggle\" aria-label=\"Prze\u0142\u0105cznik\"><i class=\"icon-angle-down\"><\/i><\/button>\n\t\t\t<span>6. Jakie s\u0105 trudne w obs\u0142udze materia\u0142y? Czy mog\u0119 je wyrzuci\u0107 do \u015bmietnika?<\/span>\n\t\t<\/a>\n\t\t<div id=\"accordion-2005573921-content\" class=\"accordion-inner\" aria-labelledby=\"accordion-2005573921-label\" >\n\t\t\t\n\n<p>Nast\u0119puj\u0105ce materia\u0142y s\u0105 akceptowane, ale b\u0119d\u0105 <strong>DODATKOWA OP\u0141ATA<\/strong> do utylizacji:\u00a0<\/p>\n<p>Rozk\u0142adana kanapa\u00a0<\/p>\n<p>Urz\u0105dzenia\u00a0<\/p>\n<p>Lod\u00f3wki<\/p>\n<p>Opony\u00a0<\/p>\n<p>Materace\u00a0<\/p>\n<p>Spr\u0119\u017cyny skrzynkowe\u00a0<\/p>\n\n\t\t<\/div>\n\t<\/div>\n\t\n\t<div id=\"accordion-2818822599\" class=\"accordion-item\">\n\t\t<a id=\"accordion-2818822599-label\" class=\"accordion-title plain\" href=\"#accordion-item-7.-what-can\u2019t-i-put-in-my-dumpster?\" aria-expanded=\"false\" aria-controls=\"accordion-2818822599-content\" >\n\t\t\t<button class=\"toggle\" aria-label=\"Prze\u0142\u0105cznik\"><i class=\"icon-angle-down\"><\/i><\/button>\n\t\t\t<span>7. Czego NIE MOG\u0118 wrzuci\u0107 do \u015bmietnika?<\/span>\n\t\t<\/a>\n\t\t<div id=\"accordion-2818822599-content\" class=\"accordion-inner\" aria-labelledby=\"accordion-2818822599-label\" >\n\t\t\t\n\n<div class=\"row\"  id=\"row-776771201\">\n\n\n\t<div id=\"col-6115828\" class=\"col medium-6 small-12 large-6\"  >\n\t\t\t\t<div class=\"col-inner\"  >\n\t\t\t\n\t\t\t\n\n<p><strong>Midwest Material Management nie mo\u017ce zaakceptowa\u0107:<\/strong>\u00a0<\/p>\n<p>Materia\u0142 HAZ-MAT<\/p>\n<p>Azbest<\/p>\n<p><strong>P\u0142yn:\u00a0<\/strong><\/p>\n<p>Farba<\/p>\n<p>Olej<\/p>\n<p>Rozcie\u0144czalniki<\/p>\n<p>gaz \/ olej nap\u0119dowy<\/p>\n\n\t\t<\/div>\n\t\t\t\t\t<\/div>\n\n\t\n\n\t<div id=\"col-813534844\" class=\"col medium-6 small-12 large-6\"  >\n\t\t\t\t<div class=\"col-inner\"  >\n\t\t\t\n\t\t\t\n\n<p>\u00a0<\/p>\n<p><strong>Elektronika:<\/strong><\/p>\n<p>Komputery<\/p>\n<p>telewizory<\/p>\n<p>Monitory itp.<\/p>\n<p><strong>Inny:<\/strong><\/p>\n<p>Brud \/ Sod<\/p>\n<p>Naw\u00f3z<\/p>\n\n\t\t<\/div>\n\t\t\t\t\t<\/div>\n\n\t\n\n<\/div>\n\n\t\t<\/div>\n\t<\/div>\n\t\n\n<\/div>\n\n\t\t<\/div>\n\t\t\t\t\t<\/div>\n\n\t\n\n<\/div>\n\n\t\t<\/div>\n\n\t\t\n<style>\n#section_1075880106 {\n  padding-top: 80px;\n  padding-bottom: 80px;\n}\n<\/style>\n\t<\/section>","protected":false},"excerpt":{"rendered":"","protected":false},"author":3,"featured_media":0,"parent":0,"menu_order":0,"comment_status":"closed","ping_status":"closed","template":"page-blank.php","meta":{"footnotes":""},"class_list":["post-517","page","type-page","status-publish","hentry"],"yoast_head":"<!-- This site is optimized with the Yoast SEO plugin v27.3 - https:\/\/yoast.com\/product\/yoast-seo-wordpress\/ -->\n<title>Everything You Need to Know About Our Dumpster Rentals | FAQ<\/title>\n<meta name=\"description\" content=\"Confused about dumpster rentals? Our FAQ page has you covered. MMM Dumpsters delivers clear and concise answers to your burning questions.\" \/>\n<meta name=\"robots\" content=\"index, follow, max-snippet:-1, max-image-preview:large, max-video-preview:-1\" \/>\n<link rel=\"canonical\" href=\"https:\/\/www.mmmdumpsters.com\/pl\/faq\/\" \/>\n<meta property=\"og:locale\" content=\"pl_PL\" \/>\n<meta property=\"og:type\" content=\"article\" \/>\n<meta property=\"og:title\" content=\"Everything You Need to Know About Our Dumpster Rentals | FAQ\" \/>\n<meta property=\"og:description\" content=\"Confused about dumpster rentals? Our FAQ page has you covered. MMM Dumpsters delivers clear and concise answers to your burning questions.\" \/>\n<meta property=\"og:url\" content=\"https:\/\/www.mmmdumpsters.com\/pl\/faq\/\" \/>\n<meta property=\"og:site_name\" content=\"Midwest Material Management - Dumpsters\" \/>\n<meta property=\"article:modified_time\" content=\"2024-01-31T23:45:30+00:00\" \/>\n<meta name=\"twitter:card\" content=\"summary_large_image\" \/>\n<meta name=\"twitter:label1\" content=\"Est. reading time\" \/>\n\t<meta name=\"twitter:data1\" content=\"3 minutes\" \/>\n<script type=\"application\/ld+json\" class=\"yoast-schema-graph\">{\"@context\":\"https:\\\/\\\/schema.org\",\"@graph\":[{\"@type\":\"WebPage\",\"@id\":\"https:\\\/\\\/www.mmmdumpsters.com\\\/faq\\\/\",\"url\":\"https:\\\/\\\/www.mmmdumpsters.com\\\/faq\\\/\",\"name\":\"Everything You Need to Know About Our Dumpster Rentals | FAQ\",\"isPartOf\":{\"@id\":\"https:\\\/\\\/www.mmmdumpsters.com\\\/#website\"},\"datePublished\":\"2022-10-25T19:14:47+00:00\",\"dateModified\":\"2024-01-31T23:45:30+00:00\",\"description\":\"Confused about dumpster rentals? Our FAQ page has you covered. MMM Dumpsters delivers clear and concise answers to your burning questions.\",\"breadcrumb\":{\"@id\":\"https:\\\/\\\/www.mmmdumpsters.com\\\/faq\\\/#breadcrumb\"},\"inLanguage\":\"pl-PL\",\"potentialAction\":[{\"@type\":\"ReadAction\",\"target\":[\"https:\\\/\\\/www.mmmdumpsters.com\\\/faq\\\/\"]}]},{\"@type\":\"BreadcrumbList\",\"@id\":\"https:\\\/\\\/www.mmmdumpsters.com\\\/faq\\\/#breadcrumb\",\"itemListElement\":[{\"@type\":\"ListItem\",\"position\":1,\"name\":\"Home\",\"item\":\"https:\\\/\\\/www.mmmdumpsters.com\\\/\"},{\"@type\":\"ListItem\",\"position\":2,\"name\":\"FAQ\"}]},{\"@type\":\"WebSite\",\"@id\":\"https:\\\/\\\/www.mmmdumpsters.com\\\/#website\",\"url\":\"https:\\\/\\\/www.mmmdumpsters.com\\\/\",\"name\":\"Midwest Material Management - Dumpsters\",\"description\":\"Roll-Off Dumpster Rental &amp; Recycling Solutions\",\"potentialAction\":[{\"@type\":\"SearchAction\",\"target\":{\"@type\":\"EntryPoint\",\"urlTemplate\":\"https:\\\/\\\/www.mmmdumpsters.com\\\/?s={search_term_string}\"},\"query-input\":{\"@type\":\"PropertyValueSpecification\",\"valueRequired\":true,\"valueName\":\"search_term_string\"}}],\"inLanguage\":\"pl-PL\"}]}<\/script>\n<!-- \/ Yoast SEO plugin. -->","yoast_head_json":{"title":"Wszystko, co musisz wiedzie\u0107 o naszych wypo\u017cyczalniach kontener\u00f3w na \u015bmieci | Cz\u0119sto zadawane pytania","description":"Zastanawiasz si\u0119 nad wynajmem kontener\u00f3w na \u015bmieci? Nasza strona z cz\u0119sto zadawanymi pytaniami obejmuje Ci\u0119. MMM Dumpsters zapewnia jasne i zwi\u0119z\u0142e odpowiedzi na pal\u0105ce pytania.","robots":{"index":"index","follow":"follow","max-snippet":"max-snippet:-1","max-image-preview":"max-image-preview:large","max-video-preview":"max-video-preview:-1"},"canonical":"https:\/\/www.mmmdumpsters.com\/pl\/faq\/","og_locale":"pl_PL","og_type":"article","og_title":"Everything You Need to Know About Our Dumpster Rentals | FAQ","og_description":"Confused about dumpster rentals? Our FAQ page has you covered. MMM Dumpsters delivers clear and concise answers to your burning questions.","og_url":"https:\/\/www.mmmdumpsters.com\/pl\/faq\/","og_site_name":"Midwest Material Management - Dumpsters","article_modified_time":"2024-01-31T23:45:30+00:00","twitter_card":"summary_large_image","twitter_misc":{"Est. reading time":"3 minutes"},"schema":{"@context":"https:\/\/schema.org","@graph":[{"@type":"WebPage","@id":"https:\/\/www.mmmdumpsters.com\/faq\/","url":"https:\/\/www.mmmdumpsters.com\/faq\/","name":"Wszystko, co musisz wiedzie\u0107 o naszych wypo\u017cyczalniach kontener\u00f3w na \u015bmieci | Cz\u0119sto zadawane pytania","isPartOf":{"@id":"https:\/\/www.mmmdumpsters.com\/#website"},"datePublished":"2022-10-25T19:14:47+00:00","dateModified":"2024-01-31T23:45:30+00:00","description":"Zastanawiasz si\u0119 nad wynajmem kontener\u00f3w na \u015bmieci? Nasza strona z cz\u0119sto zadawanymi pytaniami obejmuje Ci\u0119. MMM Dumpsters zapewnia jasne i zwi\u0119z\u0142e odpowiedzi na pal\u0105ce pytania.","breadcrumb":{"@id":"https:\/\/www.mmmdumpsters.com\/faq\/#breadcrumb"},"inLanguage":"pl-PL","potentialAction":[{"@type":"ReadAction","target":["https:\/\/www.mmmdumpsters.com\/faq\/"]}]},{"@type":"BreadcrumbList","@id":"https:\/\/www.mmmdumpsters.com\/faq\/#breadcrumb","itemListElement":[{"@type":"ListItem","position":1,"name":"Home","item":"https:\/\/www.mmmdumpsters.com\/"},{"@type":"ListItem","position":2,"name":"FAQ"}]},{"@type":"WebSite","@id":"https:\/\/www.mmmdumpsters.com\/#website","url":"https:\/\/www.mmmdumpsters.com\/","name":"Zarz\u0105dzanie materia\u0142ami na \u015brodkowym zachodzie \u2014 \u015bmietniki","description":"Rozwi\u0105zania w zakresie wynajmu i recyklingu kontener\u00f3w na \u015bmieci","potentialAction":[{"@type":"SearchAction","target":{"@type":"EntryPoint","urlTemplate":"https:\/\/www.mmmdumpsters.com\/?s={search_term_string}"},"query-input":{"@type":"PropertyValueSpecification","valueRequired":true,"valueName":"search_term_string"}}],"inLanguage":"pl-PL"}]}},"_links":{"self":[{"href":"https:\/\/www.mmmdumpsters.com\/pl\/wp-json\/wp\/v2\/pages\/517","targetHints":{"allow":["GET"]}}],"collection":[{"href":"https:\/\/www.mmmdumpsters.com\/pl\/wp-json\/wp\/v2\/pages"}],"about":[{"href":"https:\/\/www.mmmdumpsters.com\/pl\/wp-json\/wp\/v2\/types\/page"}],"author":[{"embeddable":true,"href":"https:\/\/www.mmmdumpsters.com\/pl\/wp-json\/wp\/v2\/users\/3"}],"replies":[{"embeddable":true,"href":"https:\/\/www.mmmdumpsters.com\/pl\/wp-json\/wp\/v2\/comments?post=517"}],"version-history":[{"count":5,"href":"https:\/\/www.mmmdumpsters.com\/pl\/wp-json\/wp\/v2\/pages\/517\/revisions"}],"predecessor-version":[{"id":886,"href":"https:\/\/www.mmmdumpsters.com\/pl\/wp-json\/wp\/v2\/pages\/517\/revisions\/886"}],"wp:attachment":[{"href":"https:\/\/www.mmmdumpsters.com\/pl\/wp-json\/wp\/v2\/media?parent=517"}],"curies":[{"name":"wp","href":"https:\/\/api.w.org\/{rel}","templated":true}]}}