{"id":852,"date":"2024-01-04T20:51:12","date_gmt":"2024-01-04T20:51:12","guid":{"rendered":"https:\/\/www.mmmdumpsters.com\/?page_id=852"},"modified":"2025-09-30T10:34:19","modified_gmt":"2025-09-30T15:34:19","slug":"about-us","status":"publish","type":"page","link":"https:\/\/www.mmmdumpsters.com\/pl\/o-nas\/","title":{"rendered":"O nas"},"content":{"rendered":"<section class=\"section dark\" id=\"section_609893455\">\n\t\t<div class=\"section-bg fill\" >\n\t\t\t<img loading=\"lazy\" decoding=\"async\" width=\"1920\" height=\"1344\" src=\"https:\/\/www.mmmdumpsters.com\/wp-content\/uploads\/2021\/06\/triangle-bg.jpg\" class=\"bg\" alt=\"\" srcset=\"https:\/\/www.mmmdumpsters.com\/wp-content\/uploads\/2021\/06\/triangle-bg.jpg 1920w, https:\/\/www.mmmdumpsters.com\/wp-content\/uploads\/2021\/06\/triangle-bg-500x350.jpg 500w, https:\/\/www.mmmdumpsters.com\/wp-content\/uploads\/2021\/06\/triangle-bg-1024x717.jpg 1024w, https:\/\/www.mmmdumpsters.com\/wp-content\/uploads\/2021\/06\/triangle-bg-768x538.jpg 768w, https:\/\/www.mmmdumpsters.com\/wp-content\/uploads\/2021\/06\/triangle-bg-1536x1075.jpg 1536w\" sizes=\"auto, (max-width: 1920px) 100vw, 1920px\" \/>\t\t\t\t\t\t<div class=\"section-bg-overlay absolute fill\"><\/div>\n\t\t\t\n\n\t\t<\/div>\n\n\t\t\n\n\t\t<div class=\"section-content relative\">\n\t\t\t\n\n<div class=\"row align-center\"  id=\"row-830340141\">\n\n\n\t<div id=\"col-1338904086\" class=\"col medium-10 small-12 large-12\"  >\n\t\t\t\t<div class=\"col-inner\"  >\n\t\t\t\n\t\t\t\n\n<div class=\"row row-collapse\"  id=\"row-1803881272\">\n\n\n\t<div id=\"col-1928744523\" class=\"col small-12 large-12\"  >\n\t\t\t\t<div class=\"col-inner\"  >\n\t\t\t\n\t\t\t\n\n\t<div id=\"text-1051232349\" class=\"text\">\n\t\t\n\n<h2 class=\"mb-0\">O nas<\/h2>\n\t\t\n<style>\n#text-1051232349 {\n  font-size: 1.7rem;\n}\n<\/style>\n\t<\/div>\n\t\n\n\t\t<\/div>\n\t\t\t\t\t<\/div>\n\n\t\n\n<\/div>\n\n\t\t<\/div>\n\t\t\t\t\t<\/div>\n\n\t\n\n<\/div>\n\n\t\t<\/div>\n\n\t\t\n<style>\n#section_609893455 {\n  padding-top: 30px;\n  padding-bottom: 30px;\n  min-height: 35vh;\n}\n#section_609893455 .section-bg-overlay {\n  background-color: rgba(14, 82, 44, 0.901);\n}\n<\/style>\n\t<\/section>\n\t\n\n\t<section class=\"section\" id=\"section_1369634775\">\n\t\t<div class=\"section-bg fill\" >\n\t\t\t\t\t\t\t\t\t\n\t\t\t\n\n\t\t<\/div>\n\n\t\t\n\n\t\t<div class=\"section-content relative\">\n\t\t\t\n\n\t<div id=\"gap-618869698\" class=\"gap-element clearfix\" style=\"display:block; height:auto;\">\n\t\t\n<style>\n#gap-618869698 {\n  padding-top: 31px;\n}\n<\/style>\n\t<\/div>\n\t\n\n<div class=\"row align-middle align-center\"  id=\"row-288574573\">\n\n\n\t<div id=\"col-903460757\" class=\"col medium-10 small-12 large-6\"  >\n\t\t\t\t<div class=\"col-inner\"  >\n\t\t\t\n\t\t\t\n\n<h2>O Midwest Material Management, firmie zajmuj\u0105cej si\u0119 wynajmem kontener\u00f3w na \u015bmieci<\/h2>\n<p><span style=\"font-weight: 400;\">Jeste\u015bmy firm\u0105 Midwest Material Management, w kt\u00f3rej wiedza specjalistyczna \u0142\u0105czy si\u0119 ze zr\u00f3wnowa\u017conym rozwojem. Dzi\u0119ki ponad 25-letniemu zaanga\u017cowaniu w us\u0142ugi udoskonalili\u015bmy nasze rzemios\u0142o, aby zapewnia\u0107 niezr\u00f3wnane rozwi\u0105zania w zakresie gospodarki odpadami. Naszemu d\u0105\u017ceniu do doskona\u0142o\u015bci dor\u00f3wnuje jedynie nasza pasja do ochrony \u015brodowiska. Jeste\u015bmy dumni, \u017ce mo\u017cemy podda\u0107 recyklingowi ponad 75% dostarczonych nam materia\u0142\u00f3w, przyczyniaj\u0105c si\u0119 do bardziej ekologicznej i zr\u00f3wnowa\u017conej przysz\u0142o\u015bci.\u00a0<\/span><\/p>\n<p><span style=\"font-weight: 400;\">\u0141\u0105czymy dziesi\u0119ciolecia do\u015bwiadczenia z najnowocze\u015bniejszymi praktykami przyjaznymi dla \u015brodowiska, zapewniaj\u0105c, \u017ce ka\u017cdy projekt odzwierciedla nasze zaanga\u017cowanie w jako\u015b\u0107, innowacyjno\u015b\u0107 i odpowiedzialno\u015b\u0107 za \u015brodowisko. Do\u0142\u0105cz do nas i wywieraj pozytywny wp\u0142yw, korzystaj\u0105c jednocze\u015bnie z m\u0105dro\u015bci p\u0142yn\u0105cej z \u0107wier\u0107wiecza pozycji lidera w bran\u017cy.<\/span><\/p>\n\n\t\t<\/div>\n\t\t\t\t\n<style>\n#col-903460757 > .col-inner {\n  padding: 0px 30px 0px 0px;\n}\n<\/style>\n\t<\/div>\n\n\t\n\n\t<div id=\"col-2127647016\" class=\"col medium-10 small-12 large-6\"  >\n\t\t\t\t<div class=\"col-inner\"  >\n\t\t\t\n\t\t\t\n\n\t<div class=\"img has-hover x md-x lg-x y md-y lg-y\" id=\"image_33062509\">\n\t\t\t\t\t\t\t\t<div class=\"img-inner image-cover dark\" style=\"padding-top:112%;\">\n\t\t\t<img loading=\"lazy\" decoding=\"async\" width=\"1020\" height=\"680\" src=\"https:\/\/www.mmmdumpsters.com\/wp-content\/uploads\/2021\/09\/DJI_0058-1024x683.jpeg\" class=\"attachment-large size-large\" alt=\"us\u0142ugi wynajmu kontener\u00f3w na \u015bmieci\" srcset=\"https:\/\/www.mmmdumpsters.com\/wp-content\/uploads\/2021\/09\/DJI_0058-1024x683.jpeg 1024w, https:\/\/www.mmmdumpsters.com\/wp-content\/uploads\/2021\/09\/DJI_0058-500x333.jpeg 500w, https:\/\/www.mmmdumpsters.com\/wp-content\/uploads\/2021\/09\/DJI_0058-768x512.jpeg 768w, https:\/\/www.mmmdumpsters.com\/wp-content\/uploads\/2021\/09\/DJI_0058.jpeg 1080w\" sizes=\"auto, (max-width: 1020px) 100vw, 1020px\" \/>\t\t\t\t\t\t\n\t\t\t\t\t<\/div>\n\t\t\t\t\t\t\t\t\n<style>\n#image_33062509 {\n  width: 100%;\n}\n<\/style>\n\t<\/div>\n\t\n\n\n\t\t<\/div>\n\t\t\t\t\t<\/div>\n\n\t\n\n<\/div>\n\n\t\t<\/div>\n\n\t\t\n<style>\n#section_1369634775 {\n  padding-top: 30px;\n  padding-bottom: 30px;\n}\n<\/style>\n\t<\/section>\n\t\n\n\t<section class=\"section\" id=\"section_1915858570\">\n\t\t<div class=\"section-bg fill\" >\n\t\t\t\t\t\t\t\t\t\n\t\t\t\n\n\t\t<\/div>\n\n\t\t\n\n\t\t<div class=\"section-content relative\">\n\t\t\t\n\n\t<div id=\"gap-130779322\" class=\"gap-element clearfix\" style=\"display:block; height:auto;\">\n\t\t\n<style>\n#gap-130779322 {\n  padding-top: 30px;\n}\n<\/style>\n\t<\/div>\n\t\n\n<div class=\"row align-center\"  id=\"row-1841964489\">\n\n\n\t<div id=\"col-1565305315\" class=\"col medium-5 small-12 large-5\"  >\n\t\t\t\t<div class=\"col-inner text-center\"  >\n\t\t\t\n\t\t\t\n\n\t<div id=\"gap-1147250121\" class=\"gap-element clearfix\" style=\"display:block; height:auto;\">\n\t\t\n<style>\n#gap-1147250121 {\n  padding-top: 10px;\n}\n<\/style>\n\t<\/div>\n\t\n\n\t<div id=\"text-624740064\" class=\"text\">\n\t\t\n\n<h3>Midwest Material Management, firma wynajmuj\u0105ca kontenery na \u015bmieci<\/h3>\n<h2><strong>Zesp\u00f3\u0142 kierowniczy<\/strong><\/h2>\n\t\t\n<style>\n#text-624740064 {\n  font-size: 1rem;\n  line-height: 1;\n}\n<\/style>\n\t<\/div>\n\t\n\n\t\t<\/div>\n\t\t\t\t\t<\/div>\n\n\t\n\n<\/div>\n<div class=\"row row-small align-center\"  id=\"row-2004768277\">\n\n\n\t<div id=\"col-1370939069\" class=\"col medium-4 small-6 large-3\"  >\n\t\t\t\t<div class=\"col-inner\"  >\n\t\t\t\n\t\t\t\n\n    <div class=\"box has-hover has-hover box-text-bottom\" >\n\n                  <div class=\"box-image\" >\n           <div class=\"box-image-inner image-cover\" style=\"padding-top:100%;\">\n              <img loading=\"lazy\" decoding=\"async\" width=\"360\" height=\"240\" src=\"https:\/\/www.mmmdumpsters.com\/wp-content\/uploads\/2024\/01\/sberglund_TOPPICK-2.jpg\" class=\"attachment- size-\" alt=\"\" srcset=\"https:\/\/www.mmmdumpsters.com\/wp-content\/uploads\/2024\/01\/sberglund_TOPPICK-2.jpg 360w, https:\/\/www.mmmdumpsters.com\/wp-content\/uploads\/2024\/01\/sberglund_TOPPICK-2-18x12.jpg 18w\" sizes=\"auto, (max-width: 360px) 100vw, 360px\" \/>                         <\/div>\n          <\/div>\n         \n          <div class=\"box-text text-center\" >\n                <div class=\"box-text-inner\">\n                  <h4 class=\"uppercase\">\n                    <span class=\"person-name\">Stevena Berglunda<\/span><br\/>\n                    <span class=\"person-title is-small thin-font op-7\">\n                                          <\/span>\n                  <\/h4>\n\t\t\t\t\t\n\n<p>Prezydent<\/p>\n\n\n                <\/div>\n          <\/div>\n    <\/div>\n\n\t\n    \n\n\t\t<\/div>\n\t\t\t\t\t<\/div>\n\n\t\n\n\t<div id=\"col-1050277621\" class=\"col medium-4 small-6 large-3\"  >\n\t\t\t\t<div class=\"col-inner\"  >\n\t\t\t\n\t\t\t\n\n    <div class=\"box has-hover has-hover box-text-bottom\" >\n\n                  <div class=\"box-image\" >\n           <div class=\"box-image-inner image-cover\" style=\"padding-top:100%;\">\n              <img loading=\"lazy\" decoding=\"async\" width=\"360\" height=\"240\" src=\"https:\/\/www.mmmdumpsters.com\/wp-content\/uploads\/2024\/01\/Jerry-McCabe_TiEnergy-Leader-1.jpg\" class=\"attachment- size-\" alt=\"\" srcset=\"https:\/\/www.mmmdumpsters.com\/wp-content\/uploads\/2024\/01\/Jerry-McCabe_TiEnergy-Leader-1.jpg 360w, https:\/\/www.mmmdumpsters.com\/wp-content\/uploads\/2024\/01\/Jerry-McCabe_TiEnergy-Leader-1-18x12.jpg 18w\" sizes=\"auto, (max-width: 360px) 100vw, 360px\" \/>                         <\/div>\n          <\/div>\n         \n          <div class=\"box-text text-center\" >\n                <div class=\"box-text-inner\">\n                  <h4 class=\"uppercase\">\n                    <span class=\"person-name\">Jerry\u2019ego McCabe\u2019a<\/span><br\/>\n                    <span class=\"person-title is-small thin-font op-7\">\n                                          <\/span>\n                  <\/h4>\n\t\t\t\t\t\n\n<p>Dyrektor finansowy<\/p>\n\n                <\/div>\n          <\/div>\n    <\/div>\n\n\t\n    \n\n\t\t<\/div>\n\t\t\t\t\t<\/div>\n\n\t\n\n\t<div id=\"col-7737496\" class=\"col medium-4 small-6 large-3\"  >\n\t\t\t\t<div class=\"col-inner\"  >\n\t\t\t\n\t\t\t\n\n    <div class=\"box has-hover has-hover box-text-bottom\" >\n\n                  <div class=\"box-image\" >\n           <div class=\"box-image-inner image-cover\" style=\"padding-top:100%;\">\n              <img loading=\"lazy\" decoding=\"async\" width=\"360\" height=\"240\" src=\"https:\/\/www.mmmdumpsters.com\/wp-content\/uploads\/2024\/01\/Greg-Kutschke_TiEnergy_Leader-in-Railroad-Sustainability-Solutions-1.jpg\" class=\"attachment- size-\" alt=\"\" srcset=\"https:\/\/www.mmmdumpsters.com\/wp-content\/uploads\/2024\/01\/Greg-Kutschke_TiEnergy_Leader-in-Railroad-Sustainability-Solutions-1.jpg 360w, https:\/\/www.mmmdumpsters.com\/wp-content\/uploads\/2024\/01\/Greg-Kutschke_TiEnergy_Leader-in-Railroad-Sustainability-Solutions-1-18x12.jpg 18w\" sizes=\"auto, (max-width: 360px) 100vw, 360px\" \/>                         <\/div>\n          <\/div>\n         \n          <div class=\"box-text text-center\" >\n                <div class=\"box-text-inner\">\n                  <h4 class=\"uppercase\">\n                    <span class=\"person-name\">Greg Kutschke<\/span><br\/>\n                    <span class=\"person-title is-small thin-font op-7\">\n                                          <\/span>\n                  <\/h4>\n\t\t\t\t\t\n\n<p>Wiceprezes wykonawczy<\/p>\n\n                <\/div>\n          <\/div>\n    <\/div>\n\n\t\n    \n\n\t\t<\/div>\n\t\t\t\t\t<\/div>\n\n\t\n\n\t<div id=\"col-1751723291\" class=\"col medium-4 small-6 large-3\"  >\n\t\t\t\t<div class=\"col-inner\"  >\n\t\t\t\n\t\t\t\n\n    <div class=\"box has-hover has-hover box-text-bottom\" >\n\n                  <div class=\"box-image\" >\n           <div class=\"box-image-inner image-cover\" style=\"padding-top:100%;\">\n              <img loading=\"lazy\" decoding=\"async\" width=\"360\" height=\"240\" src=\"https:\/\/www.mmmdumpsters.com\/wp-content\/uploads\/2024\/01\/skyle_TOPPICK-2.jpg\" class=\"attachment- size-\" alt=\"\" srcset=\"https:\/\/www.mmmdumpsters.com\/wp-content\/uploads\/2024\/01\/skyle_TOPPICK-2.jpg 360w, https:\/\/www.mmmdumpsters.com\/wp-content\/uploads\/2024\/01\/skyle_TOPPICK-2-18x12.jpg 18w\" sizes=\"auto, (max-width: 360px) 100vw, 360px\" \/>                         <\/div>\n          <\/div>\n         \n          <div class=\"box-text text-center\" >\n                <div class=\"box-text-inner\">\n                  <h4 class=\"uppercase\">\n                    <span class=\"person-name\">Stevena Kyle\u2019a<\/span><br\/>\n                    <span class=\"person-title is-small thin-font op-7\">\n                                          <\/span>\n                  <\/h4>\n\t\t\t\t\t\n\n<p>Dyrektor ds. Zasob\u00f3w Ludzkich i Bezpiecze\u0144stwa<\/p>\n\n                <\/div>\n          <\/div>\n    <\/div>\n\n\t\n    \n\n\t\t<\/div>\n\t\t\t\t\t<\/div>\n\n\t\n\n\t<div id=\"col-1924547833\" class=\"col medium-4 small-6 large-3\"  >\n\t\t\t\t<div class=\"col-inner\"  >\n\t\t\t\n\t\t\t\n\n    <div class=\"box has-hover has-hover box-text-bottom\" >\n\n                  <div class=\"box-image\" >\n           <div class=\"box-image-inner image-cover\" style=\"padding-top:100%;\">\n              <img loading=\"lazy\" decoding=\"async\" width=\"360\" height=\"240\" src=\"https:\/\/www.mmmdumpsters.com\/wp-content\/uploads\/2024\/01\/Jamie-Hodge_TiEnergy_Leader-in-Railroad-Sustainability-Solutions.jpg\" class=\"attachment- size-\" alt=\"\" srcset=\"https:\/\/www.mmmdumpsters.com\/wp-content\/uploads\/2024\/01\/Jamie-Hodge_TiEnergy_Leader-in-Railroad-Sustainability-Solutions.jpg 360w, https:\/\/www.mmmdumpsters.com\/wp-content\/uploads\/2024\/01\/Jamie-Hodge_TiEnergy_Leader-in-Railroad-Sustainability-Solutions-18x12.jpg 18w\" sizes=\"auto, (max-width: 360px) 100vw, 360px\" \/>                         <\/div>\n          <\/div>\n         \n          <div class=\"box-text text-center\" >\n                <div class=\"box-text-inner\">\n                  <h4 class=\"uppercase\">\n                    <span class=\"person-name\">Jamiego Hodge\u2019a<\/span><br\/>\n                    <span class=\"person-title is-small thin-font op-7\">\n                                          <\/span>\n                  <\/h4>\n\t\t\t\t\t\n\n<p>Specjalista ds. kont i koordynator ds. marketingu<\/p>\n\n                <\/div>\n          <\/div>\n    <\/div>\n\n\t\n    \n\n\t\t<\/div>\n\t\t\t\t\t<\/div>\n\n\t\n\n\t<div id=\"col-829505124\" class=\"col medium-4 small-6 large-3\"  >\n\t\t\t\t<div class=\"col-inner\"  >\n\t\t\t\n\t\t\t\n\n    <div class=\"box has-hover has-hover box-text-bottom\" >\n\n                  <div class=\"box-image\" >\n           <div class=\"box-image-inner image-cover\" style=\"padding-top:100%;\">\n              <img loading=\"lazy\" decoding=\"async\" width=\"360\" height=\"240\" src=\"https:\/\/www.mmmdumpsters.com\/wp-content\/uploads\/2024\/01\/liacovelli_TOPPICK-2.jpg\" class=\"attachment- size-\" alt=\"\" srcset=\"https:\/\/www.mmmdumpsters.com\/wp-content\/uploads\/2024\/01\/liacovelli_TOPPICK-2.jpg 360w, https:\/\/www.mmmdumpsters.com\/wp-content\/uploads\/2024\/01\/liacovelli_TOPPICK-2-18x12.jpg 18w\" sizes=\"auto, (max-width: 360px) 100vw, 360px\" \/>                         <\/div>\n          <\/div>\n         \n          <div class=\"box-text text-center\" >\n                <div class=\"box-text-inner\">\n                  <h4 class=\"uppercase\">\n                    <span class=\"person-name\">Louisa Lacovellego<\/span><br\/>\n                    <span class=\"person-title is-small thin-font op-7\">\n                                          <\/span>\n                  <\/h4>\n\t\t\t\t\t\n\n<p>Przedstawiciel konta<\/p>\n\n                <\/div>\n          <\/div>\n    <\/div>\n\n\t\n    \n\n\t\t<\/div>\n\t\t\t\t\t<\/div>\n\n\t\n\n\t<div id=\"col-1534115851\" class=\"col medium-4 small-6 large-3\"  >\n\t\t\t\t<div class=\"col-inner\"  >\n\t\t\t\n\t\t\t\n\n    <div class=\"box has-hover has-hover box-text-bottom\" >\n\n                  <div class=\"box-image\" >\n           <div class=\"box-image-inner image-cover\" style=\"padding-top:100%;\">\n              <img loading=\"lazy\" decoding=\"async\" width=\"360\" height=\"240\" src=\"https:\/\/www.mmmdumpsters.com\/wp-content\/uploads\/2024\/01\/sberglund1_TOPPICK-3.jpg\" class=\"attachment- size-\" alt=\"\" srcset=\"https:\/\/www.mmmdumpsters.com\/wp-content\/uploads\/2024\/01\/sberglund1_TOPPICK-3.jpg 360w, https:\/\/www.mmmdumpsters.com\/wp-content\/uploads\/2024\/01\/sberglund1_TOPPICK-3-18x12.jpg 18w\" sizes=\"auto, (max-width: 360px) 100vw, 360px\" \/>                         <\/div>\n          <\/div>\n         \n          <div class=\"box-text text-center\" >\n                <div class=\"box-text-inner\">\n                  <h4 class=\"uppercase\">\n                    <span class=\"person-name\">Steve\u2019a Berglunda<\/span><br\/>\n                    <span class=\"person-title is-small thin-font op-7\">\n                                          <\/span>\n                  <\/h4>\n\t\t\t\t\t\n\n<p>W kochaj\u0105cej pami\u0119ci naszego wizjonerskiego przyw\u00f3dcy<\/p>\n\n\n                <\/div>\n          <\/div>\n    <\/div>\n\n\t\n    \n\n\t\t<\/div>\n\t\t\t\t\t<\/div>\n\n\t\n\n\t<div id=\"col-1677636228\" class=\"col medium-4 small-6 large-3\"  >\n\t\t\t\t<div class=\"col-inner\"  >\n\t\t\t\n\t\t\t\n\n\n\t\t<\/div>\n\t\t\t\t\t<\/div>\n\n\t\n\n<\/div>\n\n\t\t<\/div>\n\n\t\t\n<style>\n#section_1915858570 {\n  padding-top: 30px;\n  padding-bottom: 30px;\n  background-color: rgb(248, 248, 248);\n}\n<\/style>\n\t<\/section>\n\t\n\n\t<section class=\"section\" id=\"section_236458707\">\n\t\t<div class=\"section-bg fill\" >\n\t\t\t\t\t\t\t\t\t\n\t\t\t\n\n\t\t<\/div>\n\n\t\t\n\n\t\t<div class=\"section-content relative\">\n\t\t\t\n\n\t<div id=\"gap-1782111535\" class=\"gap-element clearfix\" style=\"display:block; height:auto;\">\n\t\t\n<style>\n#gap-1782111535 {\n  padding-top: 31px;\n}\n<\/style>\n\t<\/div>\n\t\n\n<div class=\"row row-large align-middle align-center\"  id=\"row-1171759174\">\n\n\n\t<div id=\"col-312271207\" class=\"col medium-10 small-12 large-6\"  >\n\t\t\t\t<div class=\"col-inner\"  >\n\t\t\t\n\t\t\t\n\n\t<div class=\"img has-hover x md-x lg-x y md-y lg-y\" id=\"image_1599423805\">\n\t\t\t\t\t\t\t\t<div class=\"img-inner dark\" >\n\t\t\t<img loading=\"lazy\" decoding=\"async\" width=\"1020\" height=\"536\" src=\"https:\/\/www.mmmdumpsters.com\/wp-content\/uploads\/2024\/01\/TiE_Crains-Leader-in-Sustainability2-1024x538-1.jpg\" class=\"attachment-large size-large\" alt=\"\" srcset=\"https:\/\/www.mmmdumpsters.com\/wp-content\/uploads\/2024\/01\/TiE_Crains-Leader-in-Sustainability2-1024x538-1.jpg 1024w, https:\/\/www.mmmdumpsters.com\/wp-content\/uploads\/2024\/01\/TiE_Crains-Leader-in-Sustainability2-1024x538-1-500x263.jpg 500w, https:\/\/www.mmmdumpsters.com\/wp-content\/uploads\/2024\/01\/TiE_Crains-Leader-in-Sustainability2-1024x538-1-768x404.jpg 768w, https:\/\/www.mmmdumpsters.com\/wp-content\/uploads\/2024\/01\/TiE_Crains-Leader-in-Sustainability2-1024x538-1-18x9.jpg 18w\" sizes=\"auto, (max-width: 1020px) 100vw, 1020px\" \/>\t\t\t\t\t\t\n\t\t\t\t\t<\/div>\n\t\t\t\t\t\t\t\t\n<style>\n#image_1599423805 {\n  width: 100%;\n}\n<\/style>\n\t<\/div>\n\t\n\n\n\t\t<\/div>\n\t\t\t\t\t<\/div>\n\n\t\n\n\t<div id=\"col-1850818979\" class=\"col medium-10 small-12 large-6\"  >\n\t\t\t\t<div class=\"col-inner text-left\"  >\n\t\t\t\n\t\t\t\n\n\t<div id=\"text-3580902383\" class=\"text\">\n\t\t\n\n<h3 class=\"entry-title\"><strong>Za\u0142o\u017cyciel i prezes Steve Berglund uhonorowany przez firm\u0119 Crain&#039;s tytu\u0142em \u201ewybitnego lidera w zakresie zr\u00f3wnowa\u017conego rozwoju\u201d<\/strong><\/h3>\n\t\t\n<style>\n#text-3580902383 {\n  line-height: 1.2;\n  color: rgb(255,255,255);\n}\n#text-3580902383 > * {\n  color: rgb(255,255,255);\n}\n<\/style>\n\t<\/div>\n\t\n\t<div id=\"gap-1096705457\" class=\"gap-element clearfix\" style=\"display:block; height:auto;\">\n\t\t\n<style>\n#gap-1096705457 {\n  padding-top: 20px;\n}\n<\/style>\n\t<\/div>\n\t\n\n<a href=\"https:\/\/www.tienergy-usa.com\/in-the-news\/tienergys-founder-president-steve-berglund-honored-by-crains-business-as-a-notable-leader-in-sustainability\/\" target=\"_blank\" class=\"button secondary\" rel=\"noopener\"  >\n\t\t<span>Czytaj wi\u0119cej<\/span>\n\t<\/a>\n\n\n\n\t\t<\/div>\n\t\t\t\t\t<\/div>\n\n\t\n\n<\/div>\n\n\t\t<\/div>\n\n\t\t\n<style>\n#section_236458707 {\n  padding-top: 60px;\n  padding-bottom: 60px;\n  background-color: #176d3c;\n}\n<\/style>\n\t<\/section>","protected":false},"excerpt":{"rendered":"","protected":false},"author":3,"featured_media":0,"parent":0,"menu_order":0,"comment_status":"closed","ping_status":"closed","template":"page-blank.php","meta":{"footnotes":""},"class_list":["post-852","page","type-page","status-publish","hentry"],"yoast_head":"<!-- This site is optimized with the Yoast SEO plugin v27.3 - https:\/\/yoast.com\/product\/yoast-seo-wordpress\/ -->\n<title>Dumpster Rental Company I MMMDumpsters.com<\/title>\n<meta name=\"description\" content=\"Dumpster Rental: Same Day Delivery &amp; Pick Up. Roll-off dumpster rentals: 3, 10, 15, 20, 30, 55, 125 cubic yard dumpsters. Any size\/budget\" \/>\n<meta name=\"robots\" content=\"index, follow, max-snippet:-1, max-image-preview:large, max-video-preview:-1\" \/>\n<link rel=\"canonical\" href=\"https:\/\/www.mmmdumpsters.com\/pl\/o-nas\/\" \/>\n<meta property=\"og:locale\" content=\"pl_PL\" \/>\n<meta property=\"og:type\" content=\"article\" \/>\n<meta property=\"og:title\" content=\"Dumpster Rental Company I MMMDumpsters.com\" \/>\n<meta property=\"og:description\" content=\"Dumpster Rental: Same Day Delivery &amp; Pick Up. Roll-off dumpster rentals: 3, 10, 15, 20, 30, 55, 125 cubic yard dumpsters. Any size\/budget\" \/>\n<meta property=\"og:url\" content=\"https:\/\/www.mmmdumpsters.com\/pl\/o-nas\/\" \/>\n<meta property=\"og:site_name\" content=\"Midwest Material Management - Dumpsters\" \/>\n<meta property=\"article:modified_time\" content=\"2025-09-30T15:34:19+00:00\" \/>\n<meta name=\"twitter:card\" content=\"summary_large_image\" \/>\n<script type=\"application\/ld+json\" class=\"yoast-schema-graph\">{\"@context\":\"https:\\\/\\\/schema.org\",\"@graph\":[{\"@type\":[\"WebPage\",\"AboutPage\"],\"@id\":\"https:\\\/\\\/www.mmmdumpsters.com\\\/about-us\\\/\",\"url\":\"https:\\\/\\\/www.mmmdumpsters.com\\\/about-us\\\/\",\"name\":\"Dumpster Rental Company I MMMDumpsters.com\",\"isPartOf\":{\"@id\":\"https:\\\/\\\/www.mmmdumpsters.com\\\/#website\"},\"datePublished\":\"2024-01-04T20:51:12+00:00\",\"dateModified\":\"2025-09-30T15:34:19+00:00\",\"description\":\"Dumpster Rental: Same Day Delivery & Pick Up. Roll-off dumpster rentals: 3, 10, 15, 20, 30, 55, 125 cubic yard dumpsters. Any size\\\/budget\",\"breadcrumb\":{\"@id\":\"https:\\\/\\\/www.mmmdumpsters.com\\\/about-us\\\/#breadcrumb\"},\"inLanguage\":\"pl-PL\",\"potentialAction\":[{\"@type\":\"ReadAction\",\"target\":[\"https:\\\/\\\/www.mmmdumpsters.com\\\/about-us\\\/\"]}]},{\"@type\":\"BreadcrumbList\",\"@id\":\"https:\\\/\\\/www.mmmdumpsters.com\\\/about-us\\\/#breadcrumb\",\"itemListElement\":[{\"@type\":\"ListItem\",\"position\":1,\"name\":\"Home\",\"item\":\"https:\\\/\\\/www.mmmdumpsters.com\\\/\"},{\"@type\":\"ListItem\",\"position\":2,\"name\":\"About Us\"}]},{\"@type\":\"WebSite\",\"@id\":\"https:\\\/\\\/www.mmmdumpsters.com\\\/#website\",\"url\":\"https:\\\/\\\/www.mmmdumpsters.com\\\/\",\"name\":\"Midwest Material Management - Dumpsters\",\"description\":\"Roll-Off Dumpster Rental &amp; Recycling Solutions\",\"potentialAction\":[{\"@type\":\"SearchAction\",\"target\":{\"@type\":\"EntryPoint\",\"urlTemplate\":\"https:\\\/\\\/www.mmmdumpsters.com\\\/?s={search_term_string}\"},\"query-input\":{\"@type\":\"PropertyValueSpecification\",\"valueRequired\":true,\"valueName\":\"search_term_string\"}}],\"inLanguage\":\"pl-PL\"}]}<\/script>\n<!-- \/ Yoast SEO plugin. -->","yoast_head_json":{"title":"Wypo\u017cyczalnia kontener\u00f3w na \u015bmieci I MMMDumpsters.com","description":"Wynajem kontener\u00f3w: Dostawa i odbi\u00f3r tego samego dnia. Wynajem kontener\u00f3w typu roll-off: kontenery o pojemno\u015bci 3, 10, 15, 20, 30, 55, 125 jard\u00f3w sze\u015bciennych. Dowolny rozmiar\/bud\u017cet","robots":{"index":"index","follow":"follow","max-snippet":"max-snippet:-1","max-image-preview":"max-image-preview:large","max-video-preview":"max-video-preview:-1"},"canonical":"https:\/\/www.mmmdumpsters.com\/pl\/o-nas\/","og_locale":"pl_PL","og_type":"article","og_title":"Dumpster Rental Company I MMMDumpsters.com","og_description":"Dumpster Rental: Same Day Delivery & Pick Up. Roll-off dumpster rentals: 3, 10, 15, 20, 30, 55, 125 cubic yard dumpsters. Any size\/budget","og_url":"https:\/\/www.mmmdumpsters.com\/pl\/o-nas\/","og_site_name":"Midwest Material Management - Dumpsters","article_modified_time":"2025-09-30T15:34:19+00:00","twitter_card":"summary_large_image","schema":{"@context":"https:\/\/schema.org","@graph":[{"@type":["WebPage","AboutPage"],"@id":"https:\/\/www.mmmdumpsters.com\/about-us\/","url":"https:\/\/www.mmmdumpsters.com\/about-us\/","name":"Wypo\u017cyczalnia kontener\u00f3w na \u015bmieci I MMMDumpsters.com","isPartOf":{"@id":"https:\/\/www.mmmdumpsters.com\/#website"},"datePublished":"2024-01-04T20:51:12+00:00","dateModified":"2025-09-30T15:34:19+00:00","description":"Wynajem kontener\u00f3w: Dostawa i odbi\u00f3r tego samego dnia. Wynajem kontener\u00f3w typu roll-off: kontenery o pojemno\u015bci 3, 10, 15, 20, 30, 55, 125 jard\u00f3w sze\u015bciennych. Dowolny rozmiar\/bud\u017cet","breadcrumb":{"@id":"https:\/\/www.mmmdumpsters.com\/about-us\/#breadcrumb"},"inLanguage":"pl-PL","potentialAction":[{"@type":"ReadAction","target":["https:\/\/www.mmmdumpsters.com\/about-us\/"]}]},{"@type":"BreadcrumbList","@id":"https:\/\/www.mmmdumpsters.com\/about-us\/#breadcrumb","itemListElement":[{"@type":"ListItem","position":1,"name":"Home","item":"https:\/\/www.mmmdumpsters.com\/"},{"@type":"ListItem","position":2,"name":"About Us"}]},{"@type":"WebSite","@id":"https:\/\/www.mmmdumpsters.com\/#website","url":"https:\/\/www.mmmdumpsters.com\/","name":"Zarz\u0105dzanie materia\u0142ami na \u015brodkowym zachodzie \u2014 \u015bmietniki","description":"Rozwi\u0105zania w zakresie wynajmu i recyklingu kontener\u00f3w na \u015bmieci","potentialAction":[{"@type":"SearchAction","target":{"@type":"EntryPoint","urlTemplate":"https:\/\/www.mmmdumpsters.com\/?s={search_term_string}"},"query-input":{"@type":"PropertyValueSpecification","valueRequired":true,"valueName":"search_term_string"}}],"inLanguage":"pl-PL"}]}},"_links":{"self":[{"href":"https:\/\/www.mmmdumpsters.com\/pl\/wp-json\/wp\/v2\/pages\/852","targetHints":{"allow":["GET"]}}],"collection":[{"href":"https:\/\/www.mmmdumpsters.com\/pl\/wp-json\/wp\/v2\/pages"}],"about":[{"href":"https:\/\/www.mmmdumpsters.com\/pl\/wp-json\/wp\/v2\/types\/page"}],"author":[{"embeddable":true,"href":"https:\/\/www.mmmdumpsters.com\/pl\/wp-json\/wp\/v2\/users\/3"}],"replies":[{"embeddable":true,"href":"https:\/\/www.mmmdumpsters.com\/pl\/wp-json\/wp\/v2\/comments?post=852"}],"version-history":[{"count":7,"href":"https:\/\/www.mmmdumpsters.com\/pl\/wp-json\/wp\/v2\/pages\/852\/revisions"}],"predecessor-version":[{"id":955,"href":"https:\/\/www.mmmdumpsters.com\/pl\/wp-json\/wp\/v2\/pages\/852\/revisions\/955"}],"wp:attachment":[{"href":"https:\/\/www.mmmdumpsters.com\/pl\/wp-json\/wp\/v2\/media?parent=852"}],"curies":[{"name":"wp","href":"https:\/\/api.w.org\/{rel}","templated":true}]}}