{"id":930,"date":"2024-09-09T21:37:58","date_gmt":"2024-09-10T02:37:58","guid":{"rendered":"https:\/\/www.mmmdumpsters.com\/?page_id=930"},"modified":"2026-03-23T14:06:28","modified_gmt":"2026-03-23T19:06:28","slug":"contact-us-form","status":"publish","type":"page","link":"https:\/\/www.mmmdumpsters.com\/pl\/formularz-kontaktowy\/","title":{"rendered":"Formularz kontaktowy"},"content":{"rendered":"<section class=\"section dark\" id=\"section_1081005234\">\n\t\t<div class=\"section-bg fill\" >\n\t\t\t<img loading=\"lazy\" decoding=\"async\" width=\"1192\" height=\"864\" src=\"https:\/\/www.mmmdumpsters.com\/wp-content\/uploads\/2021\/09\/TiEnergy-WEB-PIC-3.jpeg\" class=\"bg\" alt=\"\" srcset=\"https:\/\/www.mmmdumpsters.com\/wp-content\/uploads\/2021\/09\/TiEnergy-WEB-PIC-3.jpeg 1192w, https:\/\/www.mmmdumpsters.com\/wp-content\/uploads\/2021\/09\/TiEnergy-WEB-PIC-3-500x362.jpeg 500w, https:\/\/www.mmmdumpsters.com\/wp-content\/uploads\/2021\/09\/TiEnergy-WEB-PIC-3-1024x742.jpeg 1024w, https:\/\/www.mmmdumpsters.com\/wp-content\/uploads\/2021\/09\/TiEnergy-WEB-PIC-3-768x557.jpeg 768w, https:\/\/www.mmmdumpsters.com\/wp-content\/uploads\/2021\/09\/TiEnergy-WEB-PIC-3-18x12.jpeg 18w\" sizes=\"auto, (max-width: 1192px) 100vw, 1192px\" \/>\t\t\t\t\t\t<div class=\"section-bg-overlay absolute fill\"><\/div>\n\t\t\t\n\n\t\t<\/div>\n\n\t\t\n\n\t\t<div class=\"section-content relative\">\n\t\t\t\n\n<div class=\"row\"  id=\"row-339485468\">\n\n\n\t<div id=\"col-1720611799\" class=\"col medium-8 small-12 large-8\"  >\n\t\t\t\t<div class=\"col-inner\"  >\n\t\t\t\n\t\t\t\n\n<h1 class=\"display-2 no-margin\">Skontaktuj si\u0119 z nami<\/h1>\n<p class=\"lead\">Pomagamy w zarz\u0105dzaniu odpadami komercyjnymi i mieszkaniowymi oraz recyklingiem<\/p>\n<p>Midwest Companies to grupa czterech sp\u00f3\u0142ek, kt\u00f3re odgrywaj\u0105 wyj\u0105tkow\u0105 rol\u0119 w realizacji JEDNEGO g\u0142\u00f3wnego celu \u2013 niedopuszczenia, aby odpady budowlane i rozbi\u00f3rkowe trafia\u0142y na wysypiska \u015bmieci w naszym kraju!<\/p>\n<a href=\"tel:%20+18474266354\" class=\"button primary\"  >\n\t\t<span>Zadzwo\u0144 dzi\u015b: (847) 426-6354<\/span>\n\t<\/a>\n\n\n\n\t\t<\/div>\n\t\t\t\t\t<\/div>\n\n\t\n\n<\/div>\n\n\t\t<\/div>\n\n\t\t\n<style>\n#section_1081005234 {\n  padding-top: 95px;\n  padding-bottom: 95px;\n}\n#section_1081005234 .section-bg-overlay {\n  background-color: rgba(0, 0, 0, 0.523);\n}\n<\/style>\n\t<\/section>\n\t\n\n\t<section class=\"section\" id=\"section_1555702138\">\n\t\t<div class=\"section-bg fill\" >\n\t\t\t<img loading=\"lazy\" decoding=\"async\" width=\"1920\" height=\"1361\" src=\"https:\/\/www.mmmdumpsters.com\/wp-content\/uploads\/2021\/06\/taller-bg.svg\" class=\"bg\" alt=\"\" \/>\t\t\t\t\t\t\n\t\t\t\n\n\t\t<\/div>\n\n\t\t\n\n\t\t<div class=\"section-content relative\">\n\t\t\t\n\n<div class=\"row\"  id=\"row-2046886381\">\n\n\n\t<div id=\"col-1379952532\" class=\"col medium-6 small-12 large-6\"  >\n\t\t\t\t<div class=\"col-inner\" style=\"background-color:rgb(255, 255, 255);\" >\n\t\t\t\n\t\t\t\n\n\n\n<iframe loading=\"lazy\" src=\"https:\/\/forms.monday.com\/forms\/embed\/5a9bce5359e3db03781bb3418cd44983?r=use1\" width=\"650\" height=\"1300\" style=\"border: 0; box-shadow: 5px 5px 56px 0px rgba(0,0,0,0.25);\"><\/iframe>\n\n\n\t\t<\/div>\n\t\t\t\t\n<style>\n#col-1379952532 > .col-inner {\n  padding: 50px 50px 50px 50px;\n}\n<\/style>\n\t<\/div>\n\n\t\n\n\t<div id=\"col-865437389\" class=\"col medium-6 small-12 large-6\"  >\n\t\t\t\t<div class=\"col-inner\"  >\n\t\t\t\n\t\t\t\n\n<h3>Biuro korporacyjne, wynajem kontener\u00f3w na \u015bmieci w mojej okolicy<\/h3>\n<p>ul. N. State 270<br \/>Hampshire, IL 60140<\/p>\n<p>Zostaw nam <a href=\"https:\/\/g.page\/r\/CVx_g-IZXWmOEBM\/review\"><span style=\"text-decoration: underline;\">Recenzja Google<\/span><\/a>.<\/p>\n<p>\u00a0<\/p>\n<div class=\"google-maps\"><iframe loading=\"lazy\" style=\"border: 0;\" src=\"https:\/\/www.google.com\/maps\/embed?pb=!1m18!1m12!1m3!1d2960.3088470466773!2d-88.53264148425743!3d42.100855859422936!2m3!1f0!2f0!3f0!3m2!1i1024!2i768!4f13.1!3m3!1m2!1s0x880f3cf1a84434b5%3A0x22be7aeb3e6518c9!2s270%20N%20State%20St%2C%20Hampshire%2C%20IL%2060140!5e0!3m2!1sen!2sus!4v1640200951104!5m2!1sen!2sus\" width=\"600\" height=\"450\" allowfullscreen=\"allowfullscreen\"><\/iframe><\/div>\n\n\t\t<\/div>\n\t\t\t\t\t<\/div>\n\n\t\n\n<\/div>\n\n\t\t<\/div>\n\n\t\t\n<style>\n#section_1555702138 {\n  padding-top: 60px;\n  padding-bottom: 60px;\n}\n<\/style>\n\t<\/section>\n\t\n\n\n\n<p><\/p>","protected":false},"excerpt":{"rendered":"","protected":false},"author":3,"featured_media":0,"parent":0,"menu_order":0,"comment_status":"closed","ping_status":"closed","template":"page-blank.php","meta":{"footnotes":""},"class_list":["post-930","page","type-page","status-publish","hentry"],"yoast_head":"<!-- This site is optimized with the Yoast SEO plugin v27.3 - https:\/\/yoast.com\/product\/yoast-seo-wordpress\/ -->\n<title>Dumpster Rental Near Me I Roll-off Dumpster I Driveway Dumpster<\/title>\n<meta name=\"description\" content=\"Dumpster rental near me: industrial, commercial and residential properties in Boone, Cook, DeKalb, DuPage, Kane, Lake, McHenry, Winnebago\" \/>\n<meta name=\"robots\" content=\"index, follow, max-snippet:-1, max-image-preview:large, max-video-preview:-1\" \/>\n<link rel=\"canonical\" href=\"https:\/\/www.mmmdumpsters.com\/pl\/formularz-kontaktowy\/\" \/>\n<meta property=\"og:locale\" content=\"pl_PL\" \/>\n<meta property=\"og:type\" content=\"article\" \/>\n<meta property=\"og:title\" content=\"Dumpster Rental Near Me I Roll-off Dumpster I Driveway Dumpster\" \/>\n<meta property=\"og:description\" content=\"Dumpster rental near me: industrial, commercial and residential properties in Boone, Cook, DeKalb, DuPage, Kane, Lake, McHenry, Winnebago\" \/>\n<meta property=\"og:url\" content=\"https:\/\/www.mmmdumpsters.com\/pl\/formularz-kontaktowy\/\" \/>\n<meta property=\"og:site_name\" content=\"Midwest Material Management - Dumpsters\" \/>\n<meta property=\"article:modified_time\" content=\"2026-03-23T19:06:28+00:00\" \/>\n<meta name=\"twitter:card\" content=\"summary_large_image\" \/>\n<script type=\"application\/ld+json\" class=\"yoast-schema-graph\">{\"@context\":\"https:\\\/\\\/schema.org\",\"@graph\":[{\"@type\":\"WebPage\",\"@id\":\"https:\\\/\\\/www.mmmdumpsters.com\\\/contact-us-form\\\/\",\"url\":\"https:\\\/\\\/www.mmmdumpsters.com\\\/contact-us-form\\\/\",\"name\":\"Dumpster Rental Near Me I Roll-off Dumpster I Driveway Dumpster\",\"isPartOf\":{\"@id\":\"https:\\\/\\\/www.mmmdumpsters.com\\\/#website\"},\"datePublished\":\"2024-09-10T02:37:58+00:00\",\"dateModified\":\"2026-03-23T19:06:28+00:00\",\"description\":\"Dumpster rental near me: industrial, commercial and residential properties in Boone, Cook, DeKalb, DuPage, Kane, Lake, McHenry, Winnebago\",\"breadcrumb\":{\"@id\":\"https:\\\/\\\/www.mmmdumpsters.com\\\/contact-us-form\\\/#breadcrumb\"},\"inLanguage\":\"pl-PL\",\"potentialAction\":[{\"@type\":\"ReadAction\",\"target\":[\"https:\\\/\\\/www.mmmdumpsters.com\\\/contact-us-form\\\/\"]}]},{\"@type\":\"BreadcrumbList\",\"@id\":\"https:\\\/\\\/www.mmmdumpsters.com\\\/contact-us-form\\\/#breadcrumb\",\"itemListElement\":[{\"@type\":\"ListItem\",\"position\":1,\"name\":\"Home\",\"item\":\"https:\\\/\\\/www.mmmdumpsters.com\\\/\"},{\"@type\":\"ListItem\",\"position\":2,\"name\":\"Contact Us Form\"}]},{\"@type\":\"WebSite\",\"@id\":\"https:\\\/\\\/www.mmmdumpsters.com\\\/#website\",\"url\":\"https:\\\/\\\/www.mmmdumpsters.com\\\/\",\"name\":\"Midwest Material Management - Dumpsters\",\"description\":\"Roll-Off Dumpster Rental &amp; Recycling Solutions\",\"potentialAction\":[{\"@type\":\"SearchAction\",\"target\":{\"@type\":\"EntryPoint\",\"urlTemplate\":\"https:\\\/\\\/www.mmmdumpsters.com\\\/?s={search_term_string}\"},\"query-input\":{\"@type\":\"PropertyValueSpecification\",\"valueRequired\":true,\"valueName\":\"search_term_string\"}}],\"inLanguage\":\"pl-PL\"}]}<\/script>\n<!-- \/ Yoast SEO plugin. -->","yoast_head_json":{"title":"Wynajem kontener\u00f3w na \u015bmieci w mojej okolicy I Kontener typu Roll-off I Kontener na \u015bmieci na podjazd","description":"Wynajem kontener\u00f3w na \u015bmieci w mojej okolicy: nieruchomo\u015bci przemys\u0142owe, komercyjne i mieszkalne w Boone, Cook, DeKalb, DuPage, Kane, Lake, McHenry, Winnebago","robots":{"index":"index","follow":"follow","max-snippet":"max-snippet:-1","max-image-preview":"max-image-preview:large","max-video-preview":"max-video-preview:-1"},"canonical":"https:\/\/www.mmmdumpsters.com\/pl\/formularz-kontaktowy\/","og_locale":"pl_PL","og_type":"article","og_title":"Dumpster Rental Near Me I Roll-off Dumpster I Driveway Dumpster","og_description":"Dumpster rental near me: industrial, commercial and residential properties in Boone, Cook, DeKalb, DuPage, Kane, Lake, McHenry, Winnebago","og_url":"https:\/\/www.mmmdumpsters.com\/pl\/formularz-kontaktowy\/","og_site_name":"Midwest Material Management - Dumpsters","article_modified_time":"2026-03-23T19:06:28+00:00","twitter_card":"summary_large_image","schema":{"@context":"https:\/\/schema.org","@graph":[{"@type":"WebPage","@id":"https:\/\/www.mmmdumpsters.com\/contact-us-form\/","url":"https:\/\/www.mmmdumpsters.com\/contact-us-form\/","name":"Wynajem kontener\u00f3w na \u015bmieci w mojej okolicy I Kontener typu Roll-off I Kontener na \u015bmieci na podjazd","isPartOf":{"@id":"https:\/\/www.mmmdumpsters.com\/#website"},"datePublished":"2024-09-10T02:37:58+00:00","dateModified":"2026-03-23T19:06:28+00:00","description":"Wynajem kontener\u00f3w na \u015bmieci w mojej okolicy: nieruchomo\u015bci przemys\u0142owe, komercyjne i mieszkalne w Boone, Cook, DeKalb, DuPage, Kane, Lake, McHenry, Winnebago","breadcrumb":{"@id":"https:\/\/www.mmmdumpsters.com\/contact-us-form\/#breadcrumb"},"inLanguage":"pl-PL","potentialAction":[{"@type":"ReadAction","target":["https:\/\/www.mmmdumpsters.com\/contact-us-form\/"]}]},{"@type":"BreadcrumbList","@id":"https:\/\/www.mmmdumpsters.com\/contact-us-form\/#breadcrumb","itemListElement":[{"@type":"ListItem","position":1,"name":"Home","item":"https:\/\/www.mmmdumpsters.com\/"},{"@type":"ListItem","position":2,"name":"Contact Us Form"}]},{"@type":"WebSite","@id":"https:\/\/www.mmmdumpsters.com\/#website","url":"https:\/\/www.mmmdumpsters.com\/","name":"Zarz\u0105dzanie materia\u0142ami na \u015brodkowym zachodzie \u2014 \u015bmietniki","description":"Rozwi\u0105zania w zakresie wynajmu i recyklingu kontener\u00f3w na \u015bmieci","potentialAction":[{"@type":"SearchAction","target":{"@type":"EntryPoint","urlTemplate":"https:\/\/www.mmmdumpsters.com\/?s={search_term_string}"},"query-input":{"@type":"PropertyValueSpecification","valueRequired":true,"valueName":"search_term_string"}}],"inLanguage":"pl-PL"}]}},"_links":{"self":[{"href":"https:\/\/www.mmmdumpsters.com\/pl\/wp-json\/wp\/v2\/pages\/930","targetHints":{"allow":["GET"]}}],"collection":[{"href":"https:\/\/www.mmmdumpsters.com\/pl\/wp-json\/wp\/v2\/pages"}],"about":[{"href":"https:\/\/www.mmmdumpsters.com\/pl\/wp-json\/wp\/v2\/types\/page"}],"author":[{"embeddable":true,"href":"https:\/\/www.mmmdumpsters.com\/pl\/wp-json\/wp\/v2\/users\/3"}],"replies":[{"embeddable":true,"href":"https:\/\/www.mmmdumpsters.com\/pl\/wp-json\/wp\/v2\/comments?post=930"}],"version-history":[{"count":6,"href":"https:\/\/www.mmmdumpsters.com\/pl\/wp-json\/wp\/v2\/pages\/930\/revisions"}],"predecessor-version":[{"id":973,"href":"https:\/\/www.mmmdumpsters.com\/pl\/wp-json\/wp\/v2\/pages\/930\/revisions\/973"}],"wp:attachment":[{"href":"https:\/\/www.mmmdumpsters.com\/pl\/wp-json\/wp\/v2\/media?parent=930"}],"curies":[{"name":"wp","href":"https:\/\/api.w.org\/{rel}","templated":true}]}}